{"id":455,"date":"2025-02-21T15:03:27","date_gmt":"2025-02-21T15:03:27","guid":{"rendered":"http:\/\/nueva.argeneticsar.com.ar\/?product=panel-de-arritmias"},"modified":"2025-02-21T15:03:27","modified_gmt":"2025-02-21T15:03:27","slug":"panel-de-arritmias","status":"publish","type":"product","link":"https:\/\/argeneticsar.com.ar\/?product=panel-de-arritmias","title":{"rendered":"Panel de arritmias"},"content":{"rendered":"<p>S\u00edndrome de Brugada, Taquicardia ventricular polim\u00f3rfica Catecolamin\u00e9rgica, S\u00edndrome del QT largo, S\u00edndrome del QT corto<\/p>\n","protected":false},"excerpt":{"rendered":"<p>NGS<\/p>\n","protected":false},"featured_media":0,"comment_status":"open","ping_status":"closed","template":"","meta":[],"product_brand":[],"product_cat":[809,140],"product_tag":[188,189,190,191,192,193,194,195,196,197,198,199,165,200,201,202,203,204,205,206,207,208,209,210,211,212,213,214,215,216,217,218,220,219,221,222],"class_list":{"0":"post-455","1":"product","2":"type-product","3":"status-publish","5":"product_cat-cardiologia","6":"product_cat-g-cardio","7":"product_tag-abcc9","8":"product_tag-akap9","9":"product_tag-ank2","10":"product_tag-cacna1c","11":"product_tag-cacna2d1","12":"product_tag-cacnb2","13":"product_tag-calm1","14":"product_tag-calm2","15":"product_tag-calm3","16":"product_tag-casq2","17":"product_tag-cav3","18":"product_tag-gpd1l","19":"product_tag-hcn4","20":"product_tag-kcnd3","21":"product_tag-kcne1","22":"product_tag-kcne2","23":"product_tag-kcne3","24":"product_tag-kcne5","25":"product_tag-kcnh2","26":"product_tag-kcnj2","27":"product_tag-kcnj5","28":"product_tag-kcnj8","29":"product_tag-kcnq1","30":"product_tag-pkp2","31":"product_tag-rangrf","32":"product_tag-ryr2","33":"product_tag-scn10a","34":"product_tag-scn1b","35":"product_tag-scn2b","36":"product_tag-scn3b","37":"product_tag-scn4b","38":"product_tag-scn5a","39":"product_tag-slmap","40":"product_tag-snta1","41":"product_tag-trdn","42":"product_tag-trpm4","44":"first","45":"instock","46":"shipping-taxable","47":"product-type-simple"},"_links":{"self":[{"href":"https:\/\/argeneticsar.com.ar\/index.php?rest_route=\/wp\/v2\/product\/455","targetHints":{"allow":["GET"]}}],"collection":[{"href":"https:\/\/argeneticsar.com.ar\/index.php?rest_route=\/wp\/v2\/product"}],"about":[{"href":"https:\/\/argeneticsar.com.ar\/index.php?rest_route=\/wp\/v2\/types\/product"}],"replies":[{"embeddable":true,"href":"https:\/\/argeneticsar.com.ar\/index.php?rest_route=%2Fwp%2Fv2%2Fcomments&post=455"}],"version-history":[{"count":0,"href":"https:\/\/argeneticsar.com.ar\/index.php?rest_route=\/wp\/v2\/product\/455\/revisions"}],"wp:attachment":[{"href":"https:\/\/argeneticsar.com.ar\/index.php?rest_route=%2Fwp%2Fv2%2Fmedia&parent=455"}],"wp:term":[{"taxonomy":"product_brand","embeddable":true,"href":"https:\/\/argeneticsar.com.ar\/index.php?rest_route=%2Fwp%2Fv2%2Fproduct_brand&post=455"},{"taxonomy":"product_cat","embeddable":true,"href":"https:\/\/argeneticsar.com.ar\/index.php?rest_route=%2Fwp%2Fv2%2Fproduct_cat&post=455"},{"taxonomy":"product_tag","embeddable":true,"href":"https:\/\/argeneticsar.com.ar\/index.php?rest_route=%2Fwp%2Fv2%2Fproduct_tag&post=455"}],"curies":[{"name":"wp","href":"https:\/\/api.w.org\/{rel}","templated":true}]}}