{"id":453,"date":"2025-02-21T14:51:08","date_gmt":"2025-02-21T14:51:08","guid":{"rendered":"http:\/\/nueva.argeneticsar.com.ar\/?product=enfermedades-del-tejido-conectivo"},"modified":"2025-02-21T14:51:08","modified_gmt":"2025-02-21T14:51:08","slug":"enfermedades-del-tejido-conectivo","status":"publish","type":"product","link":"https:\/\/argeneticsar.com.ar\/?product=enfermedades-del-tejido-conectivo","title":{"rendered":"Enfermedades del tejido conectivo"},"content":{"rendered":"<p>S\u00edndrome de Ehlers-Danlos, Disecci\u00f3n y aneurisma aortico tor\u00e1cico familiar, S\u00edndrome Loeys-Dietz, S\u00edndrome de Marfan<\/p>\n","protected":false},"excerpt":{"rendered":"<p>NGS<\/p>\n","protected":false},"featured_media":0,"comment_status":"open","ping_status":"closed","template":"","meta":[],"product_brand":[],"product_cat":[809,140],"product_tag":[141,143,142,144,145,146,147,148,149,150,151,152,153,154,155,156,157,158,159,160,161,162,163,164,165,166,167,168,169,170,171,172,173,174,175,176,177,178,179,180,181,182,64,183,184,185,186,187],"class_list":{"0":"post-453","1":"product","2":"type-product","3":"status-publish","5":"product_cat-cardiologia","6":"product_cat-g-cardio","7":"product_tag-acta2","8":"product_tag-adamts10","9":"product_tag-adamts2","10":"product_tag-arih1","11":"product_tag-atp7a","12":"product_tag-b3galt6","13":"product_tag-b4galt7","14":"product_tag-bgn","15":"product_tag-cbs","16":"product_tag-chst14","17":"product_tag-col12a1","18":"product_tag-col1a1","19":"product_tag-col1a2","20":"product_tag-col3a1","21":"product_tag-col5a1","22":"product_tag-col5a2","23":"product_tag-crtap","24":"product_tag-efemp2","25":"product_tag-eln","26":"product_tag-fbn1","27":"product_tag-fbn2","28":"product_tag-fkbp14","29":"product_tag-flna","30":"product_tag-foxe3","31":"product_tag-hcn4","32":"product_tag-lox","33":"product_tag-ltbp3","34":"product_tag-mat2a","35":"product_tag-med12","36":"product_tag-mfap5","37":"product_tag-myh11","38":"product_tag-mylk","39":"product_tag-notch1","40":"product_tag-p3h1","41":"product_tag-plod1","42":"product_tag-plod3","43":"product_tag-prkg1","44":"product_tag-ski","45":"product_tag-slc2a10","46":"product_tag-slc39a13","47":"product_tag-smad2","48":"product_tag-smad3","49":"product_tag-smad4","50":"product_tag-smad6","51":"product_tag-tgfb2","52":"product_tag-tgfb3","53":"product_tag-tgfbr1","54":"product_tag-tgfbr2","56":"first","57":"instock","58":"shipping-taxable","59":"product-type-simple"},"_links":{"self":[{"href":"https:\/\/argeneticsar.com.ar\/index.php?rest_route=\/wp\/v2\/product\/453","targetHints":{"allow":["GET"]}}],"collection":[{"href":"https:\/\/argeneticsar.com.ar\/index.php?rest_route=\/wp\/v2\/product"}],"about":[{"href":"https:\/\/argeneticsar.com.ar\/index.php?rest_route=\/wp\/v2\/types\/product"}],"replies":[{"embeddable":true,"href":"https:\/\/argeneticsar.com.ar\/index.php?rest_route=%2Fwp%2Fv2%2Fcomments&post=453"}],"version-history":[{"count":0,"href":"https:\/\/argeneticsar.com.ar\/index.php?rest_route=\/wp\/v2\/product\/453\/revisions"}],"wp:attachment":[{"href":"https:\/\/argeneticsar.com.ar\/index.php?rest_route=%2Fwp%2Fv2%2Fmedia&parent=453"}],"wp:term":[{"taxonomy":"product_brand","embeddable":true,"href":"https:\/\/argeneticsar.com.ar\/index.php?rest_route=%2Fwp%2Fv2%2Fproduct_brand&post=453"},{"taxonomy":"product_cat","embeddable":true,"href":"https:\/\/argeneticsar.com.ar\/index.php?rest_route=%2Fwp%2Fv2%2Fproduct_cat&post=453"},{"taxonomy":"product_tag","embeddable":true,"href":"https:\/\/argeneticsar.com.ar\/index.php?rest_route=%2Fwp%2Fv2%2Fproduct_tag&post=453"}],"curies":[{"name":"wp","href":"https:\/\/api.w.org\/{rel}","templated":true}]}}