{"id":450,"date":"2025-02-21T14:22:32","date_gmt":"2025-02-21T14:22:32","guid":{"rendered":"http:\/\/nueva.argeneticsar.com.ar\/?product=g-essence-plus-panel-para-patologias-hereditarias-basado-en-exoma"},"modified":"2025-02-21T14:22:32","modified_gmt":"2025-02-21T14:22:32","slug":"g-essence-plus-panel-para-patologias-hereditarias-basado-en-exoma","status":"publish","type":"product","link":"https:\/\/argeneticsar.com.ar\/?product=g-essence-plus-panel-para-patologias-hereditarias-basado-en-exoma","title":{"rendered":"G-ESSENCE PLUS Panel para patologias hereditarias basado en EXOMA"},"content":{"rendered":"<p>Este es un an\u00e1lisis \u00fanico que incluye todos los genes accionables asociados a c\u00e1ncer de origen hereditario, siguiendo las gu\u00edas nacionales e internacionales. Est\u00e1 dise\u00f1ado para ofrecer un an\u00e1lisis integral, completo y costo-efectivo de patolog\u00edas oncol\u00f3gicas hereditarias, como c\u00e1ncer de mama, ovario, colon, pr\u00f3stata, p\u00e1ncreas, entre otros. Adem\u00e1s, se puede agregar genes para abordar otras patolog\u00edas de origen hereditario, adaptando el pedido seg\u00fan la cl\u00ednica del paciente y la solicitud m\u00e9dica.<\/p>\n<p>Este panel se indica en pacientes con sospecha de c\u00e1ncer hereditario debido a antecedentes personales (de tipo espec\u00edfico de tumor, como c\u00e1ncer de ovario o p\u00e1ncreas) y\/o familiares, as\u00ed como en casos de otras patolog\u00edas gen\u00e9ticas.<\/p>\n<p>En pacientes con c\u00e1ncer, el an\u00e1lisis puede realizarse en cualquier momento de su enfermedad, aunque se prefiere realizarlo al momento del diagn\u00f3stico. En familiares sanos de pacientes con c\u00e1ncer de sospecha hereditaria, se recomienda realizarlo a partir de la mayor\u00eda de edad.<\/p>\n<p>Se informa la presencia o ausencia de mutaci\u00f3n en los genes analizados. Las variantes de origen germinal se clasifican como patog\u00e9nicas, probablemente patog\u00e9nicas, variantes de significado incierto (VUS), probablemente benignas y benignas. Las variantes benignas y probablemente benignas no son accionables y no se informan, salvo que lo solicite el m\u00e9dico. Las variantes accionables son las patog\u00e9nicas y probablemente patog\u00e9nicas, y se informan con detalles sobre las patolog\u00edas y s\u00edndromes asociados. Las VUS no se consideran accionables debido a la falta de informaci\u00f3n disponible, pero pueden someterse a un proceso de rean\u00e1lisis sin cargo por parte del laboratorio. Los resultados se entregan al profesional solicitante o a la persona asignada por la instituci\u00f3n derivante.<\/p>\n<p>La detecci\u00f3n de individuos portadores de mutaciones permite aplicar estrategias de prevenci\u00f3n primaria y secundaria, adaptadas a su alto riesgo, con beneficios demostrados en t\u00e9rminos de morbi-mortalidad. Estas estrategias incluyen cirug\u00edas reductoras de riesgo (en genes asociados a c\u00e1ncer de mama y ovario), farmacoprevenci\u00f3n y, en pacientes con c\u00e1ncer, la indicaci\u00f3n de terapias dirigidas.<\/p>\n","protected":false},"excerpt":{"rendered":"<p>NGS<\/p>\n","protected":false},"featured_media":0,"comment_status":"open","ping_status":"closed","template":"","meta":[],"product_brand":[],"product_cat":[32,18],"product_tag":[808],"class_list":{"0":"post-450","1":"product","2":"type-product","3":"status-publish","5":"product_cat-cancer-hereditario","6":"product_cat-oncologia","7":"product_tag-exoma-completo","9":"first","10":"instock","11":"shipping-taxable","12":"product-type-simple"},"_links":{"self":[{"href":"https:\/\/argeneticsar.com.ar\/index.php?rest_route=\/wp\/v2\/product\/450","targetHints":{"allow":["GET"]}}],"collection":[{"href":"https:\/\/argeneticsar.com.ar\/index.php?rest_route=\/wp\/v2\/product"}],"about":[{"href":"https:\/\/argeneticsar.com.ar\/index.php?rest_route=\/wp\/v2\/types\/product"}],"replies":[{"embeddable":true,"href":"https:\/\/argeneticsar.com.ar\/index.php?rest_route=%2Fwp%2Fv2%2Fcomments&post=450"}],"version-history":[{"count":0,"href":"https:\/\/argeneticsar.com.ar\/index.php?rest_route=\/wp\/v2\/product\/450\/revisions"}],"wp:attachment":[{"href":"https:\/\/argeneticsar.com.ar\/index.php?rest_route=%2Fwp%2Fv2%2Fmedia&parent=450"}],"wp:term":[{"taxonomy":"product_brand","embeddable":true,"href":"https:\/\/argeneticsar.com.ar\/index.php?rest_route=%2Fwp%2Fv2%2Fproduct_brand&post=450"},{"taxonomy":"product_cat","embeddable":true,"href":"https:\/\/argeneticsar.com.ar\/index.php?rest_route=%2Fwp%2Fv2%2Fproduct_cat&post=450"},{"taxonomy":"product_tag","embeddable":true,"href":"https:\/\/argeneticsar.com.ar\/index.php?rest_route=%2Fwp%2Fv2%2Fproduct_tag&post=450"}],"curies":[{"name":"wp","href":"https:\/\/api.w.org\/{rel}","templated":true}]}}