{"id":447,"date":"2025-02-21T14:21:46","date_gmt":"2025-02-21T14:21:46","guid":{"rendered":"http:\/\/nueva.argeneticsar.com.ar\/?product=g-essence-50-genes-tshc"},"modified":"2025-02-21T14:21:46","modified_gmt":"2025-02-21T14:21:46","slug":"g-essence-50-genes-tshc","status":"publish","type":"product","link":"https:\/\/argeneticsar.com.ar\/?product=g-essence-50-genes-tshc","title":{"rendered":"G-ESSENCE 50 genes (TSHC)"},"content":{"rendered":"<p>Este panel amplio incluye los genes m\u00e1s comunes asociados a c\u00e1ncer hereditario, siguiendo las recomendaciones de las gu\u00edas nacionales e internacionales. Est\u00e1 dise\u00f1ado para proporcionar un an\u00e1lisis \u00fanico y integral de diversas patolog\u00edas oncol\u00f3gicas hereditarias, como c\u00e1ncer de mama, ovario, colon, pr\u00f3stata, p\u00e1ncreas, renal, entre otros. Se recomienda su uso cuando se sospecha de c\u00e1ncer hereditario, ya sea por antecedentes personales (de tipo espec\u00edfico como c\u00e1ncer de ovario o p\u00e1ncreas) o familiares.<\/p>\n<p>En pacientes con c\u00e1ncer, el an\u00e1lisis puede realizarse en cualquier etapa de la enfermedad, aunque se recomienda preferentemente al momento del diagn\u00f3stico. En familiares sanos de pacientes con sospecha de c\u00e1ncer hereditario, se sugiere realizarlo a partir de la mayor\u00eda de edad.<\/p>\n<p>Se informa la presencia o ausencia de mutaciones en los genes analizados. Las variantes de origen germinal se clasifican como patog\u00e9nicas, probablemente patog\u00e9nicas, variantes de significado incierto (VUS), probablemente benignas y benignas. Las variantes benignas y probablemente benignas no tienen implicaci\u00f3n cl\u00ednica y no se informan, aunque se puede hacer a solicitud del m\u00e9dico. Las variantes accionables son las patog\u00e9nicas y probablemente patog\u00e9nicas, las cuales se informan con los datos relevantes sobre las patolog\u00edas y s\u00edndromes asociados. Las VUS, al carecer de suficiente informaci\u00f3n, no son accionables, pero pueden ser sometidas a rean\u00e1lisis sin cargo por parte del laboratorio. Los resultados se entregan al profesional solicitante o a la persona asignada por la instituci\u00f3n derivante.<\/p>\n<p>La detecci\u00f3n de individuos portadores de mutaciones permite aplicar estrategias de prevenci\u00f3n primaria y secundaria adaptadas a su alto riesgo, lo que ha demostrado beneficios en t\u00e9rminos de morbi-mortalidad. Entre las intervenciones posibles se incluyen cirug\u00edas reductoras de riesgo (en genes asociados a c\u00e1ncer de mama y ovario), farmacoprevenci\u00f3n y, en pacientes con c\u00e1ncer, la indicaci\u00f3n de terapias dirigidas.<\/p>\n","protected":false},"excerpt":{"rendered":"<p>NGS<\/p>\n","protected":false},"featured_media":0,"comment_status":"open","ping_status":"closed","template":"","meta":[],"product_brand":[],"product_cat":[32,18],"product_tag":[33,66,34,59,60,35,36,47,37,67,68,79,49,80,81,82,83,84,61,62,65,85,86,87,71,50,51,52,54,39,40,72,63,41,805,53,55,30,73,42,43,44,88,64,45,806,89,90],"class_list":{"0":"post-447","1":"product","2":"type-product","3":"status-publish","5":"product_cat-cancer-hereditario","6":"product_cat-oncologia","7":"product_tag-atm","8":"product_tag-bap1","9":"product_tag-bard1","10":"product_tag-blm","11":"product_tag-bmpr1a","12":"product_tag-brca1","13":"product_tag-brca2","14":"product_tag-brip1","15":"product_tag-cdh1","16":"product_tag-cdk4","17":"product_tag-cdkn2a","18":"product_tag-chek2-dicer1","19":"product_tag-epcam","20":"product_tag-fanca","21":"product_tag-fancc","22":"product_tag-fancd2","23":"product_tag-fh","24":"product_tag-flcn","25":"product_tag-galnt12","26":"product_tag-grem1","27":"product_tag-hoxb13","28":"product_tag-kit","29":"product_tag-men1","30":"product_tag-met","31":"product_tag-mitf","32":"product_tag-mlh1","33":"product_tag-msh2","34":"product_tag-msh6","35":"product_tag-mutyh","36":"product_tag-nbn","37":"product_tag-nf1","38":"product_tag-nf2","39":"product_tag-nthl1","40":"product_tag-palb2","41":"product_tag-panel-de-50-genes-apc","42":"product_tag-pms2","43":"product_tag-pold1","44":"product_tag-pole","45":"product_tag-pot1","46":"product_tag-pten","47":"product_tag-rad51c","48":"product_tag-rad51d","49":"product_tag-ret","50":"product_tag-smad4","51":"product_tag-stk11","52":"product_tag-t53","53":"product_tag-vhl","54":"product_tag-wt1","56":"first","57":"instock","58":"shipping-taxable","59":"product-type-simple"},"_links":{"self":[{"href":"https:\/\/argeneticsar.com.ar\/index.php?rest_route=\/wp\/v2\/product\/447","targetHints":{"allow":["GET"]}}],"collection":[{"href":"https:\/\/argeneticsar.com.ar\/index.php?rest_route=\/wp\/v2\/product"}],"about":[{"href":"https:\/\/argeneticsar.com.ar\/index.php?rest_route=\/wp\/v2\/types\/product"}],"replies":[{"embeddable":true,"href":"https:\/\/argeneticsar.com.ar\/index.php?rest_route=%2Fwp%2Fv2%2Fcomments&post=447"}],"version-history":[{"count":0,"href":"https:\/\/argeneticsar.com.ar\/index.php?rest_route=\/wp\/v2\/product\/447\/revisions"}],"wp:attachment":[{"href":"https:\/\/argeneticsar.com.ar\/index.php?rest_route=%2Fwp%2Fv2%2Fmedia&parent=447"}],"wp:term":[{"taxonomy":"product_brand","embeddable":true,"href":"https:\/\/argeneticsar.com.ar\/index.php?rest_route=%2Fwp%2Fv2%2Fproduct_brand&post=447"},{"taxonomy":"product_cat","embeddable":true,"href":"https:\/\/argeneticsar.com.ar\/index.php?rest_route=%2Fwp%2Fv2%2Fproduct_cat&post=447"},{"taxonomy":"product_tag","embeddable":true,"href":"https:\/\/argeneticsar.com.ar\/index.php?rest_route=%2Fwp%2Fv2%2Fproduct_tag&post=447"}],"curies":[{"name":"wp","href":"https:\/\/api.w.org\/{rel}","templated":true}]}}