{"id":446,"date":"2025-02-21T14:21:45","date_gmt":"2025-02-21T14:21:45","guid":{"rendered":"http:\/\/nueva.argeneticsar.com.ar\/?product=g-essence-brca-1-y-2"},"modified":"2025-02-21T14:21:45","modified_gmt":"2025-02-21T14:21:45","slug":"g-essence-brca-1-y-2","status":"publish","type":"product","link":"https:\/\/argeneticsar.com.ar\/?product=g-essence-brca-1-y-2","title":{"rendered":"G-ESSENCE BRCA 1 y 2-"},"content":{"rendered":"<p>Este an\u00e1lisis eval\u00faa los genes BRCA1 y BRCA2, asociados a los c\u00e1nceres hereditarios de mama, ovario, p\u00e1ncreas y pr\u00f3stata. Se indica en pacientes en los que se sospeche c\u00e1ncer hereditario en estos \u00f3rganos debido a antecedentes personales y\/o familiares.<\/p>\n<p>En pacientes con c\u00e1ncer, el an\u00e1lisis puede realizarse en cualquier etapa de la enfermedad, aunque se prefiere hacerlo al momento del diagn\u00f3stico. En familiares sanos de pacientes con c\u00e1ncer hereditario, se recomienda realizarlo a partir de la mayor\u00eda de edad.<\/p>\n<p>Se informa la presencia o ausencia de mutaciones en los genes BRCA1 y BRCA2. Las variantes se clasifican como patog\u00e9nicas, probablemente patog\u00e9nicas, variantes de significado incierto (VUS), probablemente benignas y benignas. Las variantes benignas y probablemente benignas no tienen implicaci\u00f3n cl\u00ednica y no se informan, salvo que el m\u00e9dico solicitante lo indique. Las variantes patog\u00e9nicas y probablemente patog\u00e9nicas son consideradas accionables y se informan junto con los detalles sobre las patolog\u00edas y s\u00edndromes asociados. Las VUS no se consideran accionables debido a la falta de informaci\u00f3n suficiente, por lo que requieren rean\u00e1lisis (realizado sin cargo por el laboratorio). Los resultados se entregan al profesional solicitante o a la persona asignada por la instituci\u00f3n derivante.<\/p>\n<p>La detecci\u00f3n de mutaciones en los genes BRCA permite implementar un seguimiento con estrategias de prevenci\u00f3n primaria y secundaria, adaptadas al alto riesgo de los pacientes. Esto incluye beneficios demostrados en t\u00e9rminos de morbi-mortalidad, como cirug\u00edas reductoras de riesgo (en genes asociados a c\u00e1ncer de mama y ovario), farmacoprevenci\u00f3n y, en pacientes con c\u00e1ncer, la indicaci\u00f3n de terapias dirigidas.<\/p>\n","protected":false},"excerpt":{"rendered":"<p>NGS<\/p>\n","protected":false},"featured_media":0,"comment_status":"open","ping_status":"closed","template":"","meta":[],"product_brand":[],"product_cat":[32,18],"product_tag":[804],"class_list":{"0":"post-446","1":"product","2":"type-product","3":"status-publish","5":"product_cat-cancer-hereditario","6":"product_cat-oncologia","7":"product_tag-secuenciacion-completa-de-genes-brca-1-y-2-con-analisis-de-cnv","9":"first","10":"instock","11":"shipping-taxable","12":"product-type-simple"},"_links":{"self":[{"href":"https:\/\/argeneticsar.com.ar\/index.php?rest_route=\/wp\/v2\/product\/446","targetHints":{"allow":["GET"]}}],"collection":[{"href":"https:\/\/argeneticsar.com.ar\/index.php?rest_route=\/wp\/v2\/product"}],"about":[{"href":"https:\/\/argeneticsar.com.ar\/index.php?rest_route=\/wp\/v2\/types\/product"}],"replies":[{"embeddable":true,"href":"https:\/\/argeneticsar.com.ar\/index.php?rest_route=%2Fwp%2Fv2%2Fcomments&post=446"}],"version-history":[{"count":0,"href":"https:\/\/argeneticsar.com.ar\/index.php?rest_route=\/wp\/v2\/product\/446\/revisions"}],"wp:attachment":[{"href":"https:\/\/argeneticsar.com.ar\/index.php?rest_route=%2Fwp%2Fv2%2Fmedia&parent=446"}],"wp:term":[{"taxonomy":"product_brand","embeddable":true,"href":"https:\/\/argeneticsar.com.ar\/index.php?rest_route=%2Fwp%2Fv2%2Fproduct_brand&post=446"},{"taxonomy":"product_cat","embeddable":true,"href":"https:\/\/argeneticsar.com.ar\/index.php?rest_route=%2Fwp%2Fv2%2Fproduct_cat&post=446"},{"taxonomy":"product_tag","embeddable":true,"href":"https:\/\/argeneticsar.com.ar\/index.php?rest_route=%2Fwp%2Fv2%2Fproduct_tag&post=446"}],"curies":[{"name":"wp","href":"https:\/\/api.w.org\/{rel}","templated":true}]}}