{"id":445,"date":"2025-02-21T14:21:40","date_gmt":"2025-02-21T14:21:40","guid":{"rendered":"http:\/\/nueva.argeneticsar.com.ar\/?product=g-essence-cancer-especifico-para-melanoma"},"modified":"2025-02-21T14:21:40","modified_gmt":"2025-02-21T14:21:40","slug":"g-essence-cancer-especifico-para-melanoma","status":"publish","type":"product","link":"https:\/\/argeneticsar.com.ar\/?product=g-essence-cancer-especifico-para-melanoma","title":{"rendered":"G-ESSENCE c\u00e1ncer espec\u00edfico para MELANOMA"},"content":{"rendered":"<p>Este panel amplio incluye todos los genes asociados al melanoma y otras patolog\u00edas de la piel de posible origen hereditario, bas\u00e1ndose en las gu\u00edas nacionales e internacionales. Su objetivo es ofrecer un an\u00e1lisis \u00fanico que permita una evaluaci\u00f3n integral, completa y costo-efectiva de las patolog\u00edas oncol\u00f3gicas hereditarias. Se recomienda para aquellos pacientes en los que se sospeche c\u00e1ncer de piel hereditario, basado en antecedentes personales y\/o familiares, siendo este el \u00fanico tipo de c\u00e1ncer detectado.<\/p>\n<p>En pacientes con c\u00e1ncer, el an\u00e1lisis puede realizarse en cualquier etapa de la enfermedad, aunque se prefiere hacerlo al momento del diagn\u00f3stico. En familiares sanos de pacientes con c\u00e1ncer hereditario, se recomienda realizarlo a partir de la mayor\u00eda de edad.<\/p>\n<p>Se informa sobre la presencia o ausencia de mutaciones en los genes analizados. Las variantes se clasifican como patog\u00e9nicas, probablemente patog\u00e9nicas, variantes de significado incierto (VUS), probablemente benignas y benignas. Las variantes benignas no se informan, pero las patog\u00e9nicas y probablemente patog\u00e9nicas se reportan junto con los detalles sobre las patolog\u00edas y s\u00edndromes asociados. Las VUS requieren un rean\u00e1lisis, que se realiza sin cargo. Los resultados se entregan al profesional solicitante o persona asignada.<\/p>\n<p>La detecci\u00f3n de mutaciones permite realizar un seguimiento adecuado con estrategias de prevenci\u00f3n primaria y secundaria para los individuos con alto riesgo, lo cual reduce la morbi-mortalidad. Esto puede incluir cirug\u00edas reductoras de riesgo, farmacoprevenci\u00f3n y, en pacientes con c\u00e1ncer, la indicaci\u00f3n de terapias dirigidas.<\/p>\n","protected":false},"excerpt":{"rendered":"<p>NGS<\/p>\n","protected":false},"featured_media":0,"comment_status":"open","ping_status":"closed","template":"","meta":[],"product_brand":[],"product_cat":[32,18],"product_tag":[35,36,67,68,69,70,71,40,72,803,73,74,42,75,76,77,46],"class_list":{"0":"post-445","1":"product","2":"type-product","3":"status-publish","5":"product_cat-cancer-hereditario","6":"product_cat-oncologia","7":"product_tag-brca1","8":"product_tag-brca2","9":"product_tag-cdk4","10":"product_tag-cdkn2a","11":"product_tag-lztr1","12":"product_tag-mc1r","13":"product_tag-mitf","14":"product_tag-nf1","15":"product_tag-nf2","16":"product_tag-panel-especifico-para-melanoma-bap1","17":"product_tag-pot1","18":"product_tag-ptch1","19":"product_tag-pten","20":"product_tag-rb1","21":"product_tag-smarcab1","22":"product_tag-sufu-ter","23":"product_tag-tp53","25":"first","26":"instock","27":"shipping-taxable","28":"product-type-simple"},"_links":{"self":[{"href":"https:\/\/argeneticsar.com.ar\/index.php?rest_route=\/wp\/v2\/product\/445","targetHints":{"allow":["GET"]}}],"collection":[{"href":"https:\/\/argeneticsar.com.ar\/index.php?rest_route=\/wp\/v2\/product"}],"about":[{"href":"https:\/\/argeneticsar.com.ar\/index.php?rest_route=\/wp\/v2\/types\/product"}],"replies":[{"embeddable":true,"href":"https:\/\/argeneticsar.com.ar\/index.php?rest_route=%2Fwp%2Fv2%2Fcomments&post=445"}],"version-history":[{"count":0,"href":"https:\/\/argeneticsar.com.ar\/index.php?rest_route=\/wp\/v2\/product\/445\/revisions"}],"wp:attachment":[{"href":"https:\/\/argeneticsar.com.ar\/index.php?rest_route=%2Fwp%2Fv2%2Fmedia&parent=445"}],"wp:term":[{"taxonomy":"product_brand","embeddable":true,"href":"https:\/\/argeneticsar.com.ar\/index.php?rest_route=%2Fwp%2Fv2%2Fproduct_brand&post=445"},{"taxonomy":"product_cat","embeddable":true,"href":"https:\/\/argeneticsar.com.ar\/index.php?rest_route=%2Fwp%2Fv2%2Fproduct_cat&post=445"},{"taxonomy":"product_tag","embeddable":true,"href":"https:\/\/argeneticsar.com.ar\/index.php?rest_route=%2Fwp%2Fv2%2Fproduct_tag&post=445"}],"curies":[{"name":"wp","href":"https:\/\/api.w.org\/{rel}","templated":true}]}}