{"id":444,"date":"2025-02-21T14:21:38","date_gmt":"2025-02-21T14:21:38","guid":{"rendered":"http:\/\/nueva.argeneticsar.com.ar\/?product=g-essence-cancer-especifico-para-colon"},"modified":"2025-02-21T14:21:38","modified_gmt":"2025-02-21T14:21:38","slug":"g-essence-cancer-especifico-para-colon","status":"publish","type":"product","link":"https:\/\/argeneticsar.com.ar\/?product=g-essence-cancer-especifico-para-colon","title":{"rendered":"G-ESSENCE c\u00e1ncer espec\u00edfico para COLON"},"content":{"rendered":"<p>Este panel amplio incluye todos los genes asociados al c\u00e1ncer colorrectal hereditario, con o sin poliposis, siguiendo las gu\u00edas nacionales e internacionales. Su objetivo es ofrecer un an\u00e1lisis \u00fanico, integral y costo-efectivo de las patolog\u00edas oncol\u00f3gicas hereditarias. Se recomienda en pacientes con antecedentes personales o familiares que sugieren c\u00e1ncer colorrectal hereditario, siendo este el \u00fanico tipo de c\u00e1ncer detectado.<br \/>\nEn pacientes con c\u00e1ncer, el an\u00e1lisis puede realizarse en cualquier etapa de la enfermedad, aunque se prefiere hacerlo al momento del diagn\u00f3stico. En familiares sanos de pacientes con c\u00e1ncer de sospecha hereditaria, se recomienda realizarlo a partir de la mayor\u00eda de edad.<\/p>\n<p>Se informa sobre la presencia o ausencia de mutaciones en los genes analizados, y las variantes se clasifican como patog\u00e9nicas, probablemente patog\u00e9nicas, variantes de significado incierto (VUS), probablemente benignas y benignas. Las variantes benignas no se informan, pero las patog\u00e9nicas y probablemente patog\u00e9nicas se reportan, detallando las patolog\u00edas y s\u00edndromes asociados. Las VUS no son consideradas accionables y requieren un rean\u00e1lisis, que se realiza sin cargo. Los resultados se entregan al profesional solicitante o persona asignada.<\/p>\n<p>La detecci\u00f3n de mutaciones permite implementar estrategias de prevenci\u00f3n primaria y secundaria adecuadas para los individuos con alto riesgo, lo que ayuda a reducir la morbi-mortalidad. Esto incluye cirug\u00edas reductoras de riesgo, farmacoprevenci\u00f3n y, en pacientes con c\u00e1ncer, la indicaci\u00f3n de terapia dirigida.<\/p>\n","protected":false},"excerpt":{"rendered":"<p>NGS<\/p>\n","protected":false},"featured_media":0,"comment_status":"open","ping_status":"closed","template":"","meta":[],"product_brand":[],"product_cat":[32,18],"product_tag":[33,59,60,38,49,61,62,50,51,52,54,39,63,802,53,55,30,42,64,45,46],"class_list":{"0":"post-444","1":"product","2":"type-product","3":"status-publish","5":"product_cat-cancer-hereditario","6":"product_cat-oncologia","7":"product_tag-atm","8":"product_tag-blm","9":"product_tag-bmpr1a","10":"product_tag-chek2","11":"product_tag-epcam","12":"product_tag-galnt12","13":"product_tag-grem1","14":"product_tag-mlh1","15":"product_tag-msh2","16":"product_tag-msh6","17":"product_tag-mutyh","18":"product_tag-nbn","19":"product_tag-nthl1","20":"product_tag-panel-especifico-para-cancer-de-colon-apc","21":"product_tag-pms2","22":"product_tag-pold1","23":"product_tag-pole","24":"product_tag-pten","25":"product_tag-smad4","26":"product_tag-stk11","27":"product_tag-tp53","29":"first","30":"instock","31":"shipping-taxable","32":"product-type-simple"},"_links":{"self":[{"href":"https:\/\/argeneticsar.com.ar\/index.php?rest_route=\/wp\/v2\/product\/444","targetHints":{"allow":["GET"]}}],"collection":[{"href":"https:\/\/argeneticsar.com.ar\/index.php?rest_route=\/wp\/v2\/product"}],"about":[{"href":"https:\/\/argeneticsar.com.ar\/index.php?rest_route=\/wp\/v2\/types\/product"}],"replies":[{"embeddable":true,"href":"https:\/\/argeneticsar.com.ar\/index.php?rest_route=%2Fwp%2Fv2%2Fcomments&post=444"}],"version-history":[{"count":0,"href":"https:\/\/argeneticsar.com.ar\/index.php?rest_route=\/wp\/v2\/product\/444\/revisions"}],"wp:attachment":[{"href":"https:\/\/argeneticsar.com.ar\/index.php?rest_route=%2Fwp%2Fv2%2Fmedia&parent=444"}],"wp:term":[{"taxonomy":"product_brand","embeddable":true,"href":"https:\/\/argeneticsar.com.ar\/index.php?rest_route=%2Fwp%2Fv2%2Fproduct_brand&post=444"},{"taxonomy":"product_cat","embeddable":true,"href":"https:\/\/argeneticsar.com.ar\/index.php?rest_route=%2Fwp%2Fv2%2Fproduct_cat&post=444"},{"taxonomy":"product_tag","embeddable":true,"href":"https:\/\/argeneticsar.com.ar\/index.php?rest_route=%2Fwp%2Fv2%2Fproduct_tag&post=444"}],"curies":[{"name":"wp","href":"https:\/\/api.w.org\/{rel}","templated":true}]}}