{"id":443,"date":"2025-02-21T14:21:36","date_gmt":"2025-02-21T14:21:36","guid":{"rendered":"http:\/\/nueva.argeneticsar.com.ar\/?product=g-essence-cancer-especifico-para-prostata"},"modified":"2025-02-21T14:21:36","modified_gmt":"2025-02-21T14:21:36","slug":"g-essence-cancer-especifico-para-prostata","status":"publish","type":"product","link":"https:\/\/argeneticsar.com.ar\/?product=g-essence-cancer-especifico-para-prostata","title":{"rendered":"G-ESSENCE c\u00e1ncer espec\u00edfico para PR\u00d3STATA"},"content":{"rendered":"<p>Este panel amplio incluye todos los genes asociados al c\u00e1ncer pr\u00f3stata hereditario  siguiendo las gu\u00edas nacionales e internacionales. Su objetivo es proporcionar un an\u00e1lisis integral, completo y costo-efectivo de las patolog\u00edas oncol\u00f3gicas hereditarias. Est\u00e1 indicado en pacientes con antecedentes personales o familiares que sugieran c\u00e1ncer hereditario.<\/p>\n<p>El an\u00e1lisis se puede realizar en cualquier etapa de la enfermedad en pacientes con c\u00e1ncer, aunque se recomienda hacerlo al momento del diagn\u00f3stico. En familiares sanos de pacientes con c\u00e1ncer de sospecha hereditaria, se sugiere realizarlo a partir de la mayor\u00eda de edad.<\/p>\n<p>Se informa sobre la presencia o ausencia de mutaciones en los genes analizados, y las variantes se clasifican como patog\u00e9nicas, probablemente patog\u00e9nicas, variantes de significado incierto (VUS), probablemente benignas y benignas. Las variantes benignas no se informan, pero las patog\u00e9nicas y probablemente patog\u00e9nicas se reportan, incluyendo las patolog\u00edas y s\u00edndromes asociados. Las VUS no son accionables y requieren un rean\u00e1lisis, el cual se realiza sin cargo. Los resultados se entregan al profesional solicitante o persona designada.<\/p>\n<p>La detecci\u00f3n de mutaciones permite implementar estrategias de prevenci\u00f3n primaria y secundaria adecuadas para los individuos de alto riesgo, lo que reduce la morbi-mortalidad. Esto incluye cirug\u00edas reductoras de riesgo, farmacoprevenci\u00f3n y, en pacientes con c\u00e1ncer, la indicaci\u00f3n de terapia dirigida.<\/p>\n","protected":false},"excerpt":{"rendered":"<p>NGS<\/p>\n","protected":false},"featured_media":0,"comment_status":"open","ping_status":"closed","template":"","meta":[],"product_brand":[],"product_cat":[32,18],"product_tag":[35,36,47,38,49,65,50,51,52,41,801,53,43,44,45,46],"class_list":{"0":"post-443","1":"product","2":"type-product","3":"status-publish","5":"product_cat-cancer-hereditario","6":"product_cat-oncologia","7":"product_tag-brca1","8":"product_tag-brca2","9":"product_tag-brip1","10":"product_tag-chek2","11":"product_tag-epcam","12":"product_tag-hoxb13","13":"product_tag-mlh1","14":"product_tag-msh2","15":"product_tag-msh6","16":"product_tag-palb2","17":"product_tag-panel-especifico-para-cancer-de-prostataatm","18":"product_tag-pms2","19":"product_tag-rad51c","20":"product_tag-rad51d","21":"product_tag-stk11","22":"product_tag-tp53","24":"first","25":"instock","26":"shipping-taxable","27":"product-type-simple"},"_links":{"self":[{"href":"https:\/\/argeneticsar.com.ar\/index.php?rest_route=\/wp\/v2\/product\/443","targetHints":{"allow":["GET"]}}],"collection":[{"href":"https:\/\/argeneticsar.com.ar\/index.php?rest_route=\/wp\/v2\/product"}],"about":[{"href":"https:\/\/argeneticsar.com.ar\/index.php?rest_route=\/wp\/v2\/types\/product"}],"replies":[{"embeddable":true,"href":"https:\/\/argeneticsar.com.ar\/index.php?rest_route=%2Fwp%2Fv2%2Fcomments&post=443"}],"version-history":[{"count":0,"href":"https:\/\/argeneticsar.com.ar\/index.php?rest_route=\/wp\/v2\/product\/443\/revisions"}],"wp:attachment":[{"href":"https:\/\/argeneticsar.com.ar\/index.php?rest_route=%2Fwp%2Fv2%2Fmedia&parent=443"}],"wp:term":[{"taxonomy":"product_brand","embeddable":true,"href":"https:\/\/argeneticsar.com.ar\/index.php?rest_route=%2Fwp%2Fv2%2Fproduct_brand&post=443"},{"taxonomy":"product_cat","embeddable":true,"href":"https:\/\/argeneticsar.com.ar\/index.php?rest_route=%2Fwp%2Fv2%2Fproduct_cat&post=443"},{"taxonomy":"product_tag","embeddable":true,"href":"https:\/\/argeneticsar.com.ar\/index.php?rest_route=%2Fwp%2Fv2%2Fproduct_tag&post=443"}],"curies":[{"name":"wp","href":"https:\/\/api.w.org\/{rel}","templated":true}]}}