{"id":442,"date":"2025-02-21T14:21:33","date_gmt":"2025-02-21T14:21:33","guid":{"rendered":"http:\/\/nueva.argeneticsar.com.ar\/?product=g-essence-cancer-especifico-para-gineco-mama"},"modified":"2025-02-21T14:21:33","modified_gmt":"2025-02-21T14:21:33","slug":"g-essence-cancer-especifico-para-gineco-mama","status":"publish","type":"product","link":"https:\/\/argeneticsar.com.ar\/?product=g-essence-cancer-especifico-para-gineco-mama","title":{"rendered":"G-ESSENCE c\u00e1ncer espec\u00edfico para GINECO-MAMA"},"content":{"rendered":"<p>Este panel amplio incluye todos los genes asociados al c\u00e1ncer de mama, ovario, endometrio y utero hereditario siguiendo las gu\u00edas nacionales e internacionales, permitiendo realizar un an\u00e1lisis integral, completo y costo-efectivo. Est\u00e1 indicado en pacientes con antecedentes personales o familiares de c\u00e1ncer de mama, donde este sea el \u00fanico tipo de c\u00e1ncer detectado.<\/p>\n<p>El an\u00e1lisis se puede realizar en cualquier etapa de la enfermedad en pacientes con c\u00e1ncer, aunque se recomienda hacerlo al diagn\u00f3stico. Tanto en pacientes afectadas como en familiares sanos, se sugiere realizarlo a partir de la mayor\u00eda de edad (seg\u00fan historia personal o familiar)<\/p>\n<p>Se informa sobre la presencia o ausencia de mutaciones en los genes analizados, clasificando las variantes como patog\u00e9nicas, probablemente patog\u00e9nicas, variantes de significado incierto (VUS), probablemente benignas y benignas. Las variantes patog\u00e9nicas y probablemente patog\u00e9nicas asi como las de significado incierto (VUS) se informan en el reporte, incluyendo las patolog\u00edas y s\u00edndromes asociados. Los resultados se entregan al profesional solicitante o persona asignada.<\/p>\n<p>La detecci\u00f3n de mutaciones permite aplicar estrategias de prevenci\u00f3n primaria y secundaria adecuadas a individuos de alto riesgo, lo que reduce la morbi-mortalidad. Esto incluye cirug\u00edas reductoras de riesgo, farmacoprevenci\u00f3n y, en pacientes con c\u00e1ncer, la indicaci\u00f3n de terapia dirigida.<\/p>\n","protected":false},"excerpt":{"rendered":"<p>NGS<\/p>\n","protected":false},"featured_media":0,"comment_status":"open","ping_status":"closed","template":"","meta":[],"product_brand":[],"product_cat":[32,18],"product_tag":[34,35,36,47,37,38,48,49,50,51,52,54,39,40,41,800,53,55,30,42,43,44,56,57,45,46],"class_list":{"0":"post-442","1":"product","2":"type-product","3":"status-publish","5":"product_cat-cancer-hereditario","6":"product_cat-oncologia","7":"product_tag-bard1","8":"product_tag-brca1","9":"product_tag-brca2","10":"product_tag-brip1","11":"product_tag-cdh1","12":"product_tag-chek2","13":"product_tag-dicer1","14":"product_tag-epcam","15":"product_tag-mlh1","16":"product_tag-msh2","17":"product_tag-msh6","18":"product_tag-mutyh","19":"product_tag-nbn","20":"product_tag-nf1","21":"product_tag-palb2","22":"product_tag-panel-especifico-para-canceres-genito-mamarios-atm","23":"product_tag-pms2","24":"product_tag-pold1","25":"product_tag-pole","26":"product_tag-pten","27":"product_tag-rad51c","28":"product_tag-rad51d","29":"product_tag-samd4","30":"product_tag-smarca4","31":"product_tag-stk11","32":"product_tag-tp53","34":"first","35":"instock","36":"shipping-taxable","37":"product-type-simple"},"_links":{"self":[{"href":"https:\/\/argeneticsar.com.ar\/index.php?rest_route=\/wp\/v2\/product\/442","targetHints":{"allow":["GET"]}}],"collection":[{"href":"https:\/\/argeneticsar.com.ar\/index.php?rest_route=\/wp\/v2\/product"}],"about":[{"href":"https:\/\/argeneticsar.com.ar\/index.php?rest_route=\/wp\/v2\/types\/product"}],"replies":[{"embeddable":true,"href":"https:\/\/argeneticsar.com.ar\/index.php?rest_route=%2Fwp%2Fv2%2Fcomments&post=442"}],"version-history":[{"count":0,"href":"https:\/\/argeneticsar.com.ar\/index.php?rest_route=\/wp\/v2\/product\/442\/revisions"}],"wp:attachment":[{"href":"https:\/\/argeneticsar.com.ar\/index.php?rest_route=%2Fwp%2Fv2%2Fmedia&parent=442"}],"wp:term":[{"taxonomy":"product_brand","embeddable":true,"href":"https:\/\/argeneticsar.com.ar\/index.php?rest_route=%2Fwp%2Fv2%2Fproduct_brand&post=442"},{"taxonomy":"product_cat","embeddable":true,"href":"https:\/\/argeneticsar.com.ar\/index.php?rest_route=%2Fwp%2Fv2%2Fproduct_cat&post=442"},{"taxonomy":"product_tag","embeddable":true,"href":"https:\/\/argeneticsar.com.ar\/index.php?rest_route=%2Fwp%2Fv2%2Fproduct_tag&post=442"}],"curies":[{"name":"wp","href":"https:\/\/api.w.org\/{rel}","templated":true}]}}