{"id":440,"date":"2025-02-21T14:21:19","date_gmt":"2025-02-21T14:21:19","guid":{"rendered":"http:\/\/nueva.argeneticsar.com.ar\/?product=g-life-endo"},"modified":"2025-02-21T14:21:19","modified_gmt":"2025-02-21T14:21:19","slug":"g-life-endo","status":"publish","type":"product","link":"https:\/\/argeneticsar.com.ar\/?product=g-life-endo","title":{"rendered":"G-LIFE ENDO"},"content":{"rendered":"<p>Estudio som\u00e1tico para clasificaci\u00f3n molecular de c\u00e1ncer de endometrio, analizando tres biomarcadores clave: POLE, MMR y TP53. Esta clasificaci\u00f3n permite determinar el pron\u00f3stico de las pacientes y guiar la conducta terap\u00e9utica. Si no se detectan mutaciones en ninguno de estos tres biomarcadores, el tumor se clasifica como de bajo n\u00famero de copias.<\/p>\n<p>Se recomienda realizar el an\u00e1lisis al momento del diagn\u00f3stico en biopsias diagn\u00f3sticas o quir\u00fargicas en pacientes con c\u00e1ncer de endometrio estadio I o II. Se informa sobre la presencia o ausencia de mutaciones en POLE asi como la deficiencia o proficiencia de MMR y sobreexpresion o no de TP53. Los resultados se entregan al profesional solicitante o a la persona designada.<\/p>\n<p>El c\u00e1ncer de endometrio se trata con cirug\u00eda y, en casos de mayor riesgo, se agrega quimioterapia y radioterapia. Conocer la clasificaci\u00f3n molecular permite ajustar el tratamiento: las pacientes POLE mutadas tienen mejor pron\u00f3stico y podr\u00edan evitar radioterapia; las MMR deficientes podr\u00edan ser candidatas para inmunoterapia; y las TP53 mutadas tienen peor pron\u00f3stico, lo que justifica el uso de quimioterapia y radioterapia.<\/p>\n","protected":false},"excerpt":{"rendered":"<p>Sanger (POLE)\/ IHQ (MMR y TP53) <\/p>\n","protected":false},"featured_media":0,"comment_status":"open","ping_status":"closed","template":"","meta":[],"product_brand":[],"product_cat":[18,19],"product_tag":[798],"class_list":{"0":"post-440","1":"product","2":"type-product","3":"status-publish","5":"product_cat-oncologia","6":"product_cat-oncologia-somatico","7":"product_tag-pole-9-hotspots-por-sanger-mmr-por-ihq-tp53-por-ihq","9":"first","10":"instock","11":"shipping-taxable","12":"product-type-simple"},"_links":{"self":[{"href":"https:\/\/argeneticsar.com.ar\/index.php?rest_route=\/wp\/v2\/product\/440","targetHints":{"allow":["GET"]}}],"collection":[{"href":"https:\/\/argeneticsar.com.ar\/index.php?rest_route=\/wp\/v2\/product"}],"about":[{"href":"https:\/\/argeneticsar.com.ar\/index.php?rest_route=\/wp\/v2\/types\/product"}],"replies":[{"embeddable":true,"href":"https:\/\/argeneticsar.com.ar\/index.php?rest_route=%2Fwp%2Fv2%2Fcomments&post=440"}],"version-history":[{"count":0,"href":"https:\/\/argeneticsar.com.ar\/index.php?rest_route=\/wp\/v2\/product\/440\/revisions"}],"wp:attachment":[{"href":"https:\/\/argeneticsar.com.ar\/index.php?rest_route=%2Fwp%2Fv2%2Fmedia&parent=440"}],"wp:term":[{"taxonomy":"product_brand","embeddable":true,"href":"https:\/\/argeneticsar.com.ar\/index.php?rest_route=%2Fwp%2Fv2%2Fproduct_brand&post=440"},{"taxonomy":"product_cat","embeddable":true,"href":"https:\/\/argeneticsar.com.ar\/index.php?rest_route=%2Fwp%2Fv2%2Fproduct_cat&post=440"},{"taxonomy":"product_tag","embeddable":true,"href":"https:\/\/argeneticsar.com.ar\/index.php?rest_route=%2Fwp%2Fv2%2Fproduct_tag&post=440"}],"curies":[{"name":"wp","href":"https:\/\/api.w.org\/{rel}","templated":true}]}}