{"id":439,"date":"2025-02-21T14:21:17","date_gmt":"2025-02-21T14:21:17","guid":{"rendered":"http:\/\/nueva.argeneticsar.com.ar\/?product=prosigna"},"modified":"2025-02-21T14:21:17","modified_gmt":"2025-02-21T14:21:17","slug":"prosigna","status":"publish","type":"product","link":"https:\/\/argeneticsar.com.ar\/?product=prosigna","title":{"rendered":"PROSIGNA"},"content":{"rendered":"<p>Plataforma gen\u00f3mica para c\u00e1ncer de mama en estadio inicial, con test pron\u00f3stico validado para determinar el riesgo de recurrencia a 10 a\u00f1os en pacientes postmenop\u00e1usicas con c\u00e1ncer de mama estadio inicial, receptores hormonales positivos y Her2 negativo.<\/p>\n<p>Se realiza en la pieza de biopsia quir\u00fargica (cuadrantectom\u00eda\/mastectom\u00eda) en pacientes con estadio inicial. El an\u00e1lisis determina el subtipo molecular (luminal A, luminal B, basal like, Her2+) y calcula el score de riesgo de recurrencia (ROR) combinando informaci\u00f3n gen\u00f3mica y cl\u00ednica como tama\u00f1o tumoral y proliferaci\u00f3n celular. Con la informaci\u00f3n del estado ganglionar, se clasifica al paciente en grupo de riesgo alto, intermedio o bajo.<\/p>\n<p>Este test ayuda en la toma de decisiones terap\u00e9uticas, identificando a pacientes HR+\/HER2- que no necesitan quimioterapia (grupo de bajo riesgo). Los subtipos tumorales predicen la sensibilidad a la quimioterapia en la enfermedad temprana HR+\/HER2-, y la plataforma gen\u00f3mica es m\u00e1s sensible y espec\u00edfica que la inmunohistoqu\u00edmica.<\/p>\n","protected":false},"excerpt":{"rendered":"<p> N Counter<\/p>\n","protected":false},"featured_media":0,"comment_status":"open","ping_status":"closed","template":"","meta":[],"product_brand":[],"product_cat":[18,19],"product_tag":[797],"class_list":{"0":"post-439","1":"product","2":"type-product","3":"status-publish","5":"product_cat-oncologia","6":"product_cat-oncologia-somatico","7":"product_tag-plataforma-genomica-que-combina-analisis-de-expresion-genica-de-50-genes-pam50-datos-clinicos-patologicos-como-tamano-tumoral-y-estado-ganglionar","9":"first","10":"instock","11":"shipping-taxable","12":"product-type-simple"},"_links":{"self":[{"href":"https:\/\/argeneticsar.com.ar\/index.php?rest_route=\/wp\/v2\/product\/439","targetHints":{"allow":["GET"]}}],"collection":[{"href":"https:\/\/argeneticsar.com.ar\/index.php?rest_route=\/wp\/v2\/product"}],"about":[{"href":"https:\/\/argeneticsar.com.ar\/index.php?rest_route=\/wp\/v2\/types\/product"}],"replies":[{"embeddable":true,"href":"https:\/\/argeneticsar.com.ar\/index.php?rest_route=%2Fwp%2Fv2%2Fcomments&post=439"}],"version-history":[{"count":0,"href":"https:\/\/argeneticsar.com.ar\/index.php?rest_route=\/wp\/v2\/product\/439\/revisions"}],"wp:attachment":[{"href":"https:\/\/argeneticsar.com.ar\/index.php?rest_route=%2Fwp%2Fv2%2Fmedia&parent=439"}],"wp:term":[{"taxonomy":"product_brand","embeddable":true,"href":"https:\/\/argeneticsar.com.ar\/index.php?rest_route=%2Fwp%2Fv2%2Fproduct_brand&post=439"},{"taxonomy":"product_cat","embeddable":true,"href":"https:\/\/argeneticsar.com.ar\/index.php?rest_route=%2Fwp%2Fv2%2Fproduct_cat&post=439"},{"taxonomy":"product_tag","embeddable":true,"href":"https:\/\/argeneticsar.com.ar\/index.php?rest_route=%2Fwp%2Fv2%2Fproduct_tag&post=439"}],"curies":[{"name":"wp","href":"https:\/\/api.w.org\/{rel}","templated":true}]}}