{"id":438,"date":"2025-02-21T14:21:09","date_gmt":"2025-02-21T14:21:09","guid":{"rendered":"http:\/\/nueva.argeneticsar.com.ar\/?product=msi-inestabilidad-microsatelital"},"modified":"2025-02-21T14:21:09","modified_gmt":"2025-02-21T14:21:09","slug":"msi-inestabilidad-microsatelital","status":"publish","type":"product","link":"https:\/\/argeneticsar.com.ar\/?product=msi-inestabilidad-microsatelital","title":{"rendered":"MSI, Inestabilidad Microsatelital"},"content":{"rendered":"<p>Se realiza un an\u00e1lisis de marcadores por PCR para evaluar la eficacia de tratamientos de inmunoterapia. Los defectos en el sistema de reparaci\u00f3n de mismatch del ADN (MMR) provocan mutaciones en el ADN tumoral, lo que puede generar nuevas prote\u00ednas y activar la respuesta inmune contra el tumor. Los tumores con alta inestabilidad de microsat\u00e9lites (MSI-H) son m\u00e1s sensibles a la inmunoterapia que los tumores estables (MSS).<\/p>\n<p>Este an\u00e1lisis se realiza en tumores s\u00f3lidos que presentan defectos en la reparaci\u00f3n del ADN, como c\u00e1ncer colorrectal, endometrial, cervical, g\u00e1strico, entre otros. Se recomienda hacer las pruebas MSI o dMMR en todos los pacientes reci\u00e9n diagnosticados con c\u00e1ncer colorrectal.<\/p>\n<p>Se realiza en biopsias diagn\u00f3sticas o quir\u00fargicas al momento del diagn\u00f3stico, especialmente en tumores avanzados o metast\u00e1sicos. Se informa sobre el estado de inestabilidad tumoral (alta, baja o estable). Los resultados se entregan al profesional solicitante o a la persona designada.<\/p>\n<p>Las pruebas MSI son de gran valor predictivo para el uso de inhibidores de puntos de control inmunol\u00f3gico (inmunoterapia) en c\u00e1ncer colorrectal metast\u00e1sico (mCRC). Tambi\u00e9n se han encontrado beneficios en otros tumores como endometrio, cervical, g\u00e1strico y pulm\u00f3n. En tumores con MSI alta, se puede indicar inmunoterapia (como pembrolizumab o dostarlimab en c\u00e1ncer de endometrio).<\/p>\n","protected":false},"excerpt":{"rendered":"<p>An\u00e1lisis de Fragmentos<\/p>\n","protected":false},"featured_media":0,"comment_status":"open","ping_status":"closed","template":"","meta":[],"product_brand":[],"product_cat":[18,19],"product_tag":[786,787,788,789,790,791,792,793,785,796,794,795],"class_list":{"0":"post-438","1":"product","2":"type-product","3":"status-publish","5":"product_cat-oncologia","6":"product_cat-oncologia-somatico","7":"product_tag-abi-17","8":"product_tag-abi-19","9":"product_tag-abi-20a","10":"product_tag-abi-20b","11":"product_tag-bat-25","12":"product_tag-bat-26","13":"product_tag-bat-40","14":"product_tag-cat-25","15":"product_tag-microsatelites-abi-17","16":"product_tag-nr-24-y-nr-27","17":"product_tag-nr-21","18":"product_tag-nr22","20":"first","21":"instock","22":"shipping-taxable","23":"product-type-simple"},"_links":{"self":[{"href":"https:\/\/argeneticsar.com.ar\/index.php?rest_route=\/wp\/v2\/product\/438","targetHints":{"allow":["GET"]}}],"collection":[{"href":"https:\/\/argeneticsar.com.ar\/index.php?rest_route=\/wp\/v2\/product"}],"about":[{"href":"https:\/\/argeneticsar.com.ar\/index.php?rest_route=\/wp\/v2\/types\/product"}],"replies":[{"embeddable":true,"href":"https:\/\/argeneticsar.com.ar\/index.php?rest_route=%2Fwp%2Fv2%2Fcomments&post=438"}],"version-history":[{"count":0,"href":"https:\/\/argeneticsar.com.ar\/index.php?rest_route=\/wp\/v2\/product\/438\/revisions"}],"wp:attachment":[{"href":"https:\/\/argeneticsar.com.ar\/index.php?rest_route=%2Fwp%2Fv2%2Fmedia&parent=438"}],"wp:term":[{"taxonomy":"product_brand","embeddable":true,"href":"https:\/\/argeneticsar.com.ar\/index.php?rest_route=%2Fwp%2Fv2%2Fproduct_brand&post=438"},{"taxonomy":"product_cat","embeddable":true,"href":"https:\/\/argeneticsar.com.ar\/index.php?rest_route=%2Fwp%2Fv2%2Fproduct_cat&post=438"},{"taxonomy":"product_tag","embeddable":true,"href":"https:\/\/argeneticsar.com.ar\/index.php?rest_route=%2Fwp%2Fv2%2Fproduct_tag&post=438"}],"curies":[{"name":"wp","href":"https:\/\/api.w.org\/{rel}","templated":true}]}}