{"id":437,"date":"2025-02-21T14:21:06","date_gmt":"2025-02-21T14:21:06","guid":{"rendered":"http:\/\/nueva.argeneticsar.com.ar\/?product=pole-mutaciones-puntuales"},"modified":"2025-02-21T14:21:06","modified_gmt":"2025-02-21T14:21:06","slug":"pole-mutaciones-puntuales","status":"publish","type":"product","link":"https:\/\/argeneticsar.com.ar\/?product=pole-mutaciones-puntuales","title":{"rendered":"POLE, Mutaciones Puntuales"},"content":{"rendered":"<p>Se analizan las mutaciones hotspot de la enzima polimerasa E (POLE), responsables del 95% de los c\u00e1nceres de endometrio con POLE mutados. Estas mutaciones son recomendadas por gu\u00edas internacionales como NCCN para su an\u00e1lisis. Se indica en todas las pacientes con c\u00e1ncer de endometrio de tipo endometroide (en biopsia diagn\u00f3stica o quir\u00fargica, como histerectom\u00eda).<br \/>\nEl estudio informa la presencia o ausencia de las mutaciones analizadas en el gen POLE, y los resultados se entregan al profesional solicitante o a la persona designada.<br \/>\nDesde 2023, el estudio de POLE es requerido para la clasificaci\u00f3n del c\u00e1ncer de endometrio, ya que determina el pron\u00f3stico. Las pacientes con adenocarcinoma endometroide de alto grado que presentan POLE mutado tienen un mejor pron\u00f3stico que aquellas sin la mutaci\u00f3n (en casos de estadio II, pueden pasar a estadio I solo por su perfil molecular). Adem\u00e1s, las pacientes con mutaci\u00f3n POLE tienen un excelente pron\u00f3stico, incluso en casos avanzados y no endometroides. Este mejor pron\u00f3stico podr\u00eda reducir la necesidad de terapia adyuvante, como quimioterapia.<\/p>\n","protected":false},"excerpt":{"rendered":"<p>Secuenciaci\u00f3n Sanger<\/p>\n","protected":false},"featured_media":0,"comment_status":"open","ping_status":"closed","template":"","meta":[],"product_brand":[],"product_cat":[18,19],"product_tag":[779,782,781,784,780,783],"class_list":{"0":"post-437","1":"product","2":"type-product","3":"status-publish","5":"product_cat-oncologia","6":"product_cat-oncologia-somatico","7":"product_tag-analisis-de-9-hotspots-exon-9-p-pro286arg","8":"product_tag-l424i","9":"product_tag-m295r-exon-13-p-val411leu","10":"product_tag-m444k-exon-14-p-ala456pro-y-p-ser459phe","11":"product_tag-p-ser297phe","12":"product_tag-p436r","14":"first","15":"instock","16":"shipping-taxable","17":"product-type-simple"},"_links":{"self":[{"href":"https:\/\/argeneticsar.com.ar\/index.php?rest_route=\/wp\/v2\/product\/437","targetHints":{"allow":["GET"]}}],"collection":[{"href":"https:\/\/argeneticsar.com.ar\/index.php?rest_route=\/wp\/v2\/product"}],"about":[{"href":"https:\/\/argeneticsar.com.ar\/index.php?rest_route=\/wp\/v2\/types\/product"}],"replies":[{"embeddable":true,"href":"https:\/\/argeneticsar.com.ar\/index.php?rest_route=%2Fwp%2Fv2%2Fcomments&post=437"}],"version-history":[{"count":0,"href":"https:\/\/argeneticsar.com.ar\/index.php?rest_route=\/wp\/v2\/product\/437\/revisions"}],"wp:attachment":[{"href":"https:\/\/argeneticsar.com.ar\/index.php?rest_route=%2Fwp%2Fv2%2Fmedia&parent=437"}],"wp:term":[{"taxonomy":"product_brand","embeddable":true,"href":"https:\/\/argeneticsar.com.ar\/index.php?rest_route=%2Fwp%2Fv2%2Fproduct_brand&post=437"},{"taxonomy":"product_cat","embeddable":true,"href":"https:\/\/argeneticsar.com.ar\/index.php?rest_route=%2Fwp%2Fv2%2Fproduct_cat&post=437"},{"taxonomy":"product_tag","embeddable":true,"href":"https:\/\/argeneticsar.com.ar\/index.php?rest_route=%2Fwp%2Fv2%2Fproduct_tag&post=437"}],"curies":[{"name":"wp","href":"https:\/\/api.w.org\/{rel}","templated":true}]}}