{"id":435,"date":"2025-02-21T14:21:02","date_gmt":"2025-02-21T14:21:02","guid":{"rendered":"http:\/\/nueva.argeneticsar.com.ar\/?product=braf-mutaciones-puntuales"},"modified":"2025-02-21T14:21:02","modified_gmt":"2025-02-21T14:21:02","slug":"braf-mutaciones-puntuales","status":"publish","type":"product","link":"https:\/\/argeneticsar.com.ar\/?product=braf-mutaciones-puntuales","title":{"rendered":"BRAF, Mutaciones Puntuales"},"content":{"rendered":"<p>An\u00e1lisis de la variante V600 del gen BRAF, siendo la mutaci\u00f3n som\u00e1tica m\u00e1s frecuente la V600E en c\u00e1nceres como melanoma, colorrectal, leucemias, pulm\u00f3n y tiroides. Se recomienda su implementaci\u00f3n en estadios avanzados o metast\u00e1sicos.<\/p>\n<p>En c\u00e1ncer colorrectal, la evaluaci\u00f3n de la mutaci\u00f3n BRAF junto con RAS es clave para el pron\u00f3stico y la posible selecci\u00f3n para ensayos cl\u00ednicos. La mutaci\u00f3n BRAFV600 debe analizarse en todos los pacientes con c\u00e1ncer de pulm\u00f3n no escamoso y considerarse en escamosos de pacientes j\u00f3venes no fumadores.<\/p>\n<p>El test se realiza en biopsias diagn\u00f3sticas o quir\u00fargicas y reporta la presencia o ausencia de la mutaci\u00f3n BRAF. Los resultados se entregan al profesional solicitante o a la persona designada. En c\u00e1ncer colorrectal, las mutaciones en BRAF se asocian con mal pron\u00f3stico, y este an\u00e1lisis permite la indicaci\u00f3n de terapias dirigidas.<\/p>\n","protected":false},"excerpt":{"rendered":"<p>qPCR<\/p>\n","protected":false},"featured_media":0,"comment_status":"open","ping_status":"closed","template":"","meta":[],"product_brand":[],"product_cat":[18,19],"product_tag":[778],"class_list":{"0":"post-435","1":"product","2":"type-product","3":"status-publish","5":"product_cat-oncologia","6":"product_cat-oncologia-somatico","7":"product_tag-braf-mutacion-v600","9":"first","10":"instock","11":"shipping-taxable","12":"product-type-simple"},"_links":{"self":[{"href":"https:\/\/argeneticsar.com.ar\/index.php?rest_route=\/wp\/v2\/product\/435","targetHints":{"allow":["GET"]}}],"collection":[{"href":"https:\/\/argeneticsar.com.ar\/index.php?rest_route=\/wp\/v2\/product"}],"about":[{"href":"https:\/\/argeneticsar.com.ar\/index.php?rest_route=\/wp\/v2\/types\/product"}],"replies":[{"embeddable":true,"href":"https:\/\/argeneticsar.com.ar\/index.php?rest_route=%2Fwp%2Fv2%2Fcomments&post=435"}],"version-history":[{"count":0,"href":"https:\/\/argeneticsar.com.ar\/index.php?rest_route=\/wp\/v2\/product\/435\/revisions"}],"wp:attachment":[{"href":"https:\/\/argeneticsar.com.ar\/index.php?rest_route=%2Fwp%2Fv2%2Fmedia&parent=435"}],"wp:term":[{"taxonomy":"product_brand","embeddable":true,"href":"https:\/\/argeneticsar.com.ar\/index.php?rest_route=%2Fwp%2Fv2%2Fproduct_brand&post=435"},{"taxonomy":"product_cat","embeddable":true,"href":"https:\/\/argeneticsar.com.ar\/index.php?rest_route=%2Fwp%2Fv2%2Fproduct_cat&post=435"},{"taxonomy":"product_tag","embeddable":true,"href":"https:\/\/argeneticsar.com.ar\/index.php?rest_route=%2Fwp%2Fv2%2Fproduct_tag&post=435"}],"curies":[{"name":"wp","href":"https:\/\/api.w.org\/{rel}","templated":true}]}}