{"id":434,"date":"2025-02-21T14:21:00","date_gmt":"2025-02-21T14:21:00","guid":{"rendered":"http:\/\/nueva.argeneticsar.com.ar\/?product=kras-mutaciones-puntuales"},"modified":"2025-02-21T14:21:00","modified_gmt":"2025-02-21T14:21:00","slug":"kras-mutaciones-puntuales","status":"publish","type":"product","link":"https:\/\/argeneticsar.com.ar\/?product=kras-mutaciones-puntuales","title":{"rendered":"KRAS, Mutaciones Puntuales"},"content":{"rendered":"<p>An\u00e1lisis de variantes en el gen KRAS, perteneciente a la familia de oncogenes RAS (HRAS, NRAS y KRAS), frecuentemente alterados en c\u00e1cneres como pulm\u00f3n (30%), colon (40%), p\u00e1ncreas (80%) y tiroides (55%). Est\u00e1 indicado para pacientes con c\u00e1ncer de pulm\u00f3n de c\u00e9lulas no peque\u00f1as, especialmente en j\u00f3venes no fumadores con tumores escamosos, y en pacientes con c\u00e1ncer colorrectal metast\u00e1sico.<\/p>\n<p>El test se realiza en biopsias diagn\u00f3sticas o quir\u00fargicas, preferentemente al momento del diagn\u00f3stico de tumores avanzados o metast\u00e1sicos. Se informa la presencia o ausencia de mutaciones en KRAS, y los resultados se entregan al profesional solicitante o persona designada.<\/p>\n<p>Las mutaciones en KRAS y NRAS se detectan en hasta el 50% de los pacientes con carcinoma colorrectal metast\u00e1sico. Los pacientes con c\u00e1ncer colorrectal con mutaciones en RAS (ex\u00f3n 2, 3 o 4) no deben recibir terapias anti-EGFR como cetuximab o panitumumab.<\/p>\n","protected":false},"excerpt":{"rendered":"<p>qPCR<\/p>\n","protected":false},"featured_media":0,"comment_status":"open","ping_status":"closed","template":"","meta":[],"product_brand":[],"product_cat":[18,19],"product_tag":[271],"class_list":{"0":"post-434","1":"product","2":"type-product","3":"status-publish","5":"product_cat-oncologia","6":"product_cat-oncologia-somatico","7":"product_tag-kras","9":"first","10":"instock","11":"shipping-taxable","12":"product-type-simple"},"_links":{"self":[{"href":"https:\/\/argeneticsar.com.ar\/index.php?rest_route=\/wp\/v2\/product\/434","targetHints":{"allow":["GET"]}}],"collection":[{"href":"https:\/\/argeneticsar.com.ar\/index.php?rest_route=\/wp\/v2\/product"}],"about":[{"href":"https:\/\/argeneticsar.com.ar\/index.php?rest_route=\/wp\/v2\/types\/product"}],"replies":[{"embeddable":true,"href":"https:\/\/argeneticsar.com.ar\/index.php?rest_route=%2Fwp%2Fv2%2Fcomments&post=434"}],"version-history":[{"count":0,"href":"https:\/\/argeneticsar.com.ar\/index.php?rest_route=\/wp\/v2\/product\/434\/revisions"}],"wp:attachment":[{"href":"https:\/\/argeneticsar.com.ar\/index.php?rest_route=%2Fwp%2Fv2%2Fmedia&parent=434"}],"wp:term":[{"taxonomy":"product_brand","embeddable":true,"href":"https:\/\/argeneticsar.com.ar\/index.php?rest_route=%2Fwp%2Fv2%2Fproduct_brand&post=434"},{"taxonomy":"product_cat","embeddable":true,"href":"https:\/\/argeneticsar.com.ar\/index.php?rest_route=%2Fwp%2Fv2%2Fproduct_cat&post=434"},{"taxonomy":"product_tag","embeddable":true,"href":"https:\/\/argeneticsar.com.ar\/index.php?rest_route=%2Fwp%2Fv2%2Fproduct_tag&post=434"}],"curies":[{"name":"wp","href":"https:\/\/api.w.org\/{rel}","templated":true}]}}