{"id":432,"date":"2025-02-21T14:18:49","date_gmt":"2025-02-21T14:18:49","guid":{"rendered":"http:\/\/nueva.argeneticsar.com.ar\/?product=g-life-liquid-panel-multigenetico-somatico-por-biopsia-liquida"},"modified":"2025-02-21T14:18:49","modified_gmt":"2025-02-21T14:18:49","slug":"g-life-liquid-panel-multigenetico-somatico-por-biopsia-liquida","status":"publish","type":"product","link":"https:\/\/argeneticsar.com.ar\/?product=g-life-liquid-panel-multigenetico-somatico-por-biopsia-liquida","title":{"rendered":"G-LIFE LIQUID, Panel Multigen\u00e9tico Som\u00e1tico por Biopsia L\u00edquida"},"content":{"rendered":"<p>Se evaluan 523 genes a partir de una muestra de sangre (biopsia l\u00edquida) en lugar de tejido tumoral. Es particularmente \u00fatil cuando no se dispone de suficiente tejido tumoral o cuando el tejido disponible no es de la calidad adecuada, como puede suceder en casos de c\u00e1ncer de pr\u00f3stata o met\u00e1stasis \u00f3seas.<\/p>\n","protected":false},"excerpt":{"rendered":"<p>NGS &#8211; TSO L\u00edquid (ctDNA)<\/p>\n","protected":false},"featured_media":0,"comment_status":"open","ping_status":"closed","template":"","meta":[],"product_brand":[],"product_cat":[18,19],"product_tag":[392,393,394,349,395,350,351,396,397,398,58,352,399,400,401,402,403,404,405,406,33,407,408,409,410,411,412,353,413,66,34,414,415,416,417,418,419,420,421,422,423,424,59,60,234,35,36,425,47,426,427,428,429,430,431,432,236,354,433,434,435,436,437,438,439,440,93,37,342,67,355,441,442,94,68,443,444,95,445,446,447,448,38,449,450,451,452,453,454,455,456,457,458,356,459,460,461,462,463,464,357,465,466,48,467,468,469,470,471,472,473,474,475,358,476,477,478,479,480,49,481,482,483,484,359,360,361,485,486,487,488,489,362,490,363,491,364,365,366,492,493,494,495,496,497,80,81,82,99,100,101,102,103,498,499,500,501,502,503,504,505,506,507,508,509,510,511,512,513,367,368,369,370,83,84,514,515,516,517,518,519,520,521,522,523,524,525,526,105,527,262,263,528,529,530,371,531,372,532,533,534,62,535,536,537,538,539,540,541,542,543,544,545,546,547,548,549,550,551,552,553,554,555,556,557,558,559,560,561,562,65,266,563,564,565,566,373,374,567,568,569,570,571,572,573,574,575,576,577,578,579,580,581,582,583,375,376,377,584,585,586,587,588,589,590,591,592,85,593,594,595,596,597,271,598,599,600,601,602,603,69,604,605,278,279,606,607,608,609,610,611,612,108,613,614,615,616,169,617,86,87,618,71,50,619,620,621,622,51,110,52,623,624,378,54,625,379,626,380,627,628,629,39,630,631,632,40,72,633,634,635,636,173,637,638,639,640,296,641,642,381,382,383,643,644,645,646,647,41,648,649,650,651,652,653,654,655,656,111,657,658,659,660,661,112,662,663,664,113,665,666,667,668,669,670,671,672,673,674,675,53,676,55,30,384,677,678,343,679,680,681,114,682,683,684,74,42,308,685,686,687,688,689,690,691,115,692,116,43,44,693,346,309,694,695,310,75,696,117,697,88,698,699,700,701,313,702,385,703,704,705,706,120,707,708,121,122,123,124,125,776,709,710,711,712,713,714,715,126,181,182,64,57,127,716,717,718,719,720,721,722,723,724,725,726,727,728,729,730,731,732,733,734,735,736,45,737,131,738,739,740,741,742,743,744,745,133,746,747,748,749,186,750,134,751,752,753,754,755,46,756,757,758,135,136,759,760,761,89,762,763,90,764,765,347,766,767,768,769,770,771,772,777],"class_list":{"0":"post-432","1":"product","2":"type-product","3":"status-publish","5":"product_cat-oncologia","6":"product_cat-oncologia-somatico","7":"product_tag-abl2","8":"product_tag-acvr1","9":"product_tag-acvr1b","10":"product_tag-akt1","11":"product_tag-akt2","12":"product_tag-akt3","13":"product_tag-alk","14":"product_tag-alox12b","15":"product_tag-ankrd11","16":"product_tag-ankrd26","17":"product_tag-apc","18":"product_tag-ar","19":"product_tag-araf","20":"product_tag-arfrp1","21":"product_tag-arid1a","22":"product_tag-arid1b","23":"product_tag-arid2","24":"product_tag-arid5b","25":"product_tag-asxl1","26":"product_tag-asxl2","27":"product_tag-atm","28":"product_tag-atr","29":"product_tag-atrx","30":"product_tag-aurka","31":"product_tag-aurkb","32":"product_tag-axin1","33":"product_tag-axin2","34":"product_tag-axl","35":"product_tag-b2m","36":"product_tag-bap1","37":"product_tag-bard1","38":"product_tag-bbc3","39":"product_tag-bcl10","40":"product_tag-bcl2","41":"product_tag-bcl2l1","42":"product_tag-bcl2l11","43":"product_tag-bcl2l2","44":"product_tag-bcl6","45":"product_tag-bcor","46":"product_tag-bcorl1","47":"product_tag-bcr","48":"product_tag-birc3","49":"product_tag-blm","50":"product_tag-bmpr1a","51":"product_tag-braf","52":"product_tag-brca1","53":"product_tag-brca2","54":"product_tag-brd4","55":"product_tag-brip1","56":"product_tag-btg1","57":"product_tag-btk","58":"product_tag-c11orf30","59":"product_tag-calr","60":"product_tag-card11","61":"product_tag-casp8","62":"product_tag-cbfb","63":"product_tag-cbl","64":"product_tag-ccnd1","65":"product_tag-ccnd2","66":"product_tag-ccnd3","67":"product_tag-ccne1","68":"product_tag-cd274","69":"product_tag-cd276","70":"product_tag-cd74","71":"product_tag-cd79a","72":"product_tag-cd79b","73":"product_tag-cdc73","74":"product_tag-cdh1","75":"product_tag-cdk12","76":"product_tag-cdk4","77":"product_tag-cdk6","78":"product_tag-cdk8","79":"product_tag-cdkn1a","80":"product_tag-cdkn1b","81":"product_tag-cdkn2a","82":"product_tag-cdkn2b","83":"product_tag-cdkn2c","84":"product_tag-cebpa","85":"product_tag-cenpa","86":"product_tag-chd2","87":"product_tag-chd4","88":"product_tag-chek1","89":"product_tag-chek2","90":"product_tag-cic","91":"product_tag-crebbp","92":"product_tag-crkl","93":"product_tag-crlf2","94":"product_tag-csf1r","95":"product_tag-csf3r","96":"product_tag-csnk1a1","97":"product_tag-ctcf","98":"product_tag-ctla4","99":"product_tag-ctnna1","100":"product_tag-ctnnb1","101":"product_tag-cul3","102":"product_tag-cux1","103":"product_tag-cxcr4","104":"product_tag-cyld","105":"product_tag-daxx","106":"product_tag-dcun1d1","107":"product_tag-ddr2","108":"product_tag-ddx41","109":"product_tag-dhx15","110":"product_tag-dicer1","111":"product_tag-dis3","112":"product_tag-dnajb1","113":"product_tag-dnmt1","114":"product_tag-dnmt3a","115":"product_tag-dnmt3b","116":"product_tag-dot1l","117":"product_tag-e2f3","118":"product_tag-eed","119":"product_tag-egfl7","120":"product_tag-egfr","121":"product_tag-eif1ax","122":"product_tag-eif4a2","123":"product_tag-eif4e","124":"product_tag-eml4","125":"product_tag-ep300","126":"product_tag-epcam","127":"product_tag-epha3","128":"product_tag-epha5","129":"product_tag-epha7","130":"product_tag-ephb1","131":"product_tag-erbb2","132":"product_tag-erbb3","133":"product_tag-erbb4","134":"product_tag-ercc1","135":"product_tag-ercc2","136":"product_tag-ercc3","137":"product_tag-ercc4","138":"product_tag-ercc5","139":"product_tag-erg","140":"product_tag-errfi1","141":"product_tag-esr1","142":"product_tag-ets1","143":"product_tag-etv1","144":"product_tag-etv4","145":"product_tag-etv5","146":"product_tag-etv6","147":"product_tag-ewsr1","148":"product_tag-ezh2","149":"product_tag-fam123b","150":"product_tag-fam175a","151":"product_tag-fam46c","152":"product_tag-fanca","153":"product_tag-fancc","154":"product_tag-fancd2","155":"product_tag-fance","156":"product_tag-fancf","157":"product_tag-fancg","158":"product_tag-fanci","159":"product_tag-fancl","160":"product_tag-fas","161":"product_tag-fat1","162":"product_tag-fbxw7","163":"product_tag-fgf1","164":"product_tag-fgf10","165":"product_tag-fgf14","166":"product_tag-fgf19","167":"product_tag-fgf2","168":"product_tag-fgf23","169":"product_tag-fgf3","170":"product_tag-fgf4","171":"product_tag-fgf5","172":"product_tag-fgf6","173":"product_tag-fgf7","174":"product_tag-fgf8","175":"product_tag-fgf9","176":"product_tag-fgfr1","177":"product_tag-fgfr2","178":"product_tag-fgfr3","179":"product_tag-fgfr4","180":"product_tag-fh","181":"product_tag-flcn","182":"product_tag-fli1","183":"product_tag-flt1","184":"product_tag-flt3","185":"product_tag-flt4","186":"product_tag-foxa1","187":"product_tag-foxl2","188":"product_tag-foxo1","189":"product_tag-foxp1","190":"product_tag-frs2","191":"product_tag-fubp1","192":"product_tag-fyn","193":"product_tag-gabra6","194":"product_tag-gata1","195":"product_tag-gata2","196":"product_tag-gata3","197":"product_tag-gata4","198":"product_tag-gata6","199":"product_tag-gen1","200":"product_tag-gid4","201":"product_tag-gli1","202":"product_tag-gna11","203":"product_tag-gna13","204":"product_tag-gnaq","205":"product_tag-gnas","206":"product_tag-gpr124","207":"product_tag-gps2","208":"product_tag-grem1","209":"product_tag-grin2a","210":"product_tag-grm3","211":"product_tag-gsk3b","212":"product_tag-h3f3a","213":"product_tag-h3f3b","214":"product_tag-h3f3c","215":"product_tag-hgf","216":"product_tag-hist1h1c","217":"product_tag-hist1h2bd","218":"product_tag-hist1h3a","219":"product_tag-hist1h3b","220":"product_tag-hist1h3c","221":"product_tag-hist1h3d","222":"product_tag-hist1h3e","223":"product_tag-hist1h3f","224":"product_tag-hist1h3g","225":"product_tag-hist1h3h","226":"product_tag-hist1h3i","227":"product_tag-hist1h3j","228":"product_tag-hist2h3a","229":"product_tag-hist2h3c","230":"product_tag-hist2h3d","231":"product_tag-hist3h3","232":"product_tag-hla-a","233":"product_tag-hla-b","234":"product_tag-hla-c","235":"product_tag-hnf1a","236":"product_tag-hnrnpk","237":"product_tag-hoxb13","238":"product_tag-hras","239":"product_tag-hsd3b1","240":"product_tag-hsp90aa1","241":"product_tag-icoslg","242":"product_tag-id3","243":"product_tag-idh1","244":"product_tag-idh2","245":"product_tag-ifngr1","246":"product_tag-igf1","247":"product_tag-igf1r","248":"product_tag-igf2","249":"product_tag-ikbke","250":"product_tag-ikzf1","251":"product_tag-il10","252":"product_tag-il7r","253":"product_tag-inha","254":"product_tag-inhba","255":"product_tag-inpp4a","256":"product_tag-inpp4b","257":"product_tag-insr","258":"product_tag-irf2","259":"product_tag-irf4","260":"product_tag-irs1","261":"product_tag-irs2","262":"product_tag-jak1","263":"product_tag-jak2","264":"product_tag-jak3","265":"product_tag-jun","266":"product_tag-kat6a","267":"product_tag-kdm5a","268":"product_tag-kdm5c","269":"product_tag-kdm6a","270":"product_tag-kdr","271":"product_tag-keap1","272":"product_tag-kel","273":"product_tag-kif5b","274":"product_tag-kit","275":"product_tag-klf4","276":"product_tag-klhl6","277":"product_tag-kmt2b","278":"product_tag-kmt2c","279":"product_tag-kmt2d","280":"product_tag-kras","281":"product_tag-lamp1","282":"product_tag-lats1","283":"product_tag-lats2","284":"product_tag-lmo1","285":"product_tag-lrp1b","286":"product_tag-lyn","287":"product_tag-lztr1","288":"product_tag-magi2","289":"product_tag-malt1","290":"product_tag-map2k1","291":"product_tag-map2k2","292":"product_tag-map2k4","293":"product_tag-map3k1","294":"product_tag-map3k13","295":"product_tag-map3k14","296":"product_tag-map3k4","297":"product_tag-mapk1","298":"product_tag-mapk3","299":"product_tag-max","300":"product_tag-mcl1","301":"product_tag-mdc1","302":"product_tag-mdm2","303":"product_tag-mdm4","304":"product_tag-med12","305":"product_tag-mef2b","306":"product_tag-men1","307":"product_tag-met","308":"product_tag-mga","309":"product_tag-mitf","310":"product_tag-mlh1","311":"product_tag-mll","312":"product_tag-mllt3","313":"product_tag-mpl","314":"product_tag-mre11a","315":"product_tag-msh2","316":"product_tag-msh3","317":"product_tag-msh6","318":"product_tag-mst1","319":"product_tag-mst1r","320":"product_tag-mtor","321":"product_tag-mutyh","322":"product_tag-myb","323":"product_tag-myc","324":"product_tag-mycl1","325":"product_tag-mycn","326":"product_tag-myd88","327":"product_tag-myod1","328":"product_tag-nab2","329":"product_tag-nbn","330":"product_tag-ncoa3","331":"product_tag-ncor1","332":"product_tag-negr1","333":"product_tag-nf1","334":"product_tag-nf2","335":"product_tag-nfe2l2","336":"product_tag-nfkbia","337":"product_tag-nkx2-1","338":"product_tag-nkx3-1","339":"product_tag-notch1","340":"product_tag-notch2","341":"product_tag-notch3","342":"product_tag-notch4","343":"product_tag-npm1","344":"product_tag-nras","345":"product_tag-nrg1","346":"product_tag-nsd1","347":"product_tag-ntrk1","348":"product_tag-ntrk2","349":"product_tag-ntrk3","350":"product_tag-nup93","351":"product_tag-nutm1","352":"product_tag-pak1","353":"product_tag-pak3","354":"product_tag-pak7","355":"product_tag-palb2","356":"product_tag-park2","357":"product_tag-parp1","358":"product_tag-pax3","359":"product_tag-pax5","360":"product_tag-pax7","361":"product_tag-pax8","362":"product_tag-pbrm1","363":"product_tag-pdcd1","364":"product_tag-pdcd1lg2","365":"product_tag-pdgfra","366":"product_tag-pdgfrb","367":"product_tag-pdk1","368":"product_tag-pdpk1","369":"product_tag-pgr","370":"product_tag-phf6","371":"product_tag-phox2b","372":"product_tag-pik3c2b","373":"product_tag-pik3c2g","374":"product_tag-pik3c3","375":"product_tag-pik3ca","376":"product_tag-pik3cb","377":"product_tag-pik3cd","378":"product_tag-pik3cg","379":"product_tag-pik3r1","380":"product_tag-pik3r2","381":"product_tag-pik3r3","382":"product_tag-pim1","383":"product_tag-plcg2","384":"product_tag-plk2","385":"product_tag-pmaip1","386":"product_tag-pms1","387":"product_tag-pms2","388":"product_tag-pnrc1","389":"product_tag-pold1","390":"product_tag-pole","391":"product_tag-pparg","392":"product_tag-ppm1d","393":"product_tag-ppp2r1a","394":"product_tag-ppp2r2a","395":"product_tag-ppp6c","396":"product_tag-prdm1","397":"product_tag-prex2","398":"product_tag-prkar1a","399":"product_tag-prkci","400":"product_tag-prkdc","401":"product_tag-prss8","402":"product_tag-ptch1","403":"product_tag-pten","404":"product_tag-ptpn11","405":"product_tag-ptprd","406":"product_tag-ptprs","407":"product_tag-ptprt","408":"product_tag-qki","409":"product_tag-rab35","410":"product_tag-rac1","411":"product_tag-rad21","412":"product_tag-rad50","413":"product_tag-rad51","414":"product_tag-rad51b","415":"product_tag-rad51c","416":"product_tag-rad51d","417":"product_tag-rad52","418":"product_tag-rad54l","419":"product_tag-raf1","420":"product_tag-ranbp2","421":"product_tag-rara","422":"product_tag-rasa1","423":"product_tag-rb1","424":"product_tag-rbm10","425":"product_tag-recql4","426":"product_tag-rel","427":"product_tag-ret","428":"product_tag-rfwd2","429":"product_tag-rheb","430":"product_tag-rhoa","431":"product_tag-rictor","432":"product_tag-rit1","433":"product_tag-rnf43","434":"product_tag-ros1","435":"product_tag-rps6ka4","436":"product_tag-rps6kb1","437":"product_tag-rps6kb2","438":"product_tag-rptor","439":"product_tag-runx1","440":"product_tag-runx1t1","441":"product_tag-rybp","442":"product_tag-sdha","443":"product_tag-sdhaf2","444":"product_tag-sdhb","445":"product_tag-sdhc","446":"product_tag-sdhd","447":"product_tag-secuenciacion-completa-de-523-genes-abl1","448":"product_tag-setbp1","449":"product_tag-setd2","450":"product_tag-sf3b1","451":"product_tag-sh2b3","452":"product_tag-sh2d1a","453":"product_tag-shq1","454":"product_tag-slit2","455":"product_tag-slx4","456":"product_tag-smad2","457":"product_tag-smad3","458":"product_tag-smad4","459":"product_tag-smarca4","460":"product_tag-smarcb1","461":"product_tag-smarcd1","462":"product_tag-smc1a","463":"product_tag-smc3","464":"product_tag-smo-2","465":"product_tag-sncaip","466":"product_tag-socs1","467":"product_tag-sox10","468":"product_tag-sox17","469":"product_tag-sox2","470":"product_tag-sox9","471":"product_tag-spen","472":"product_tag-spop","473":"product_tag-spta1","474":"product_tag-src","475":"product_tag-srsf2","476":"product_tag-stag1","477":"product_tag-stag2","478":"product_tag-stat3","479":"product_tag-stat4","480":"product_tag-stat5a","481":"product_tag-stat5b","482":"product_tag-stk11","483":"product_tag-stk40","484":"product_tag-sufu","485":"product_tag-suz12","486":"product_tag-syk","487":"product_tag-taf1","488":"product_tag-tbx3","489":"product_tag-tceb1","490":"product_tag-tcf3","491":"product_tag-tcf7l2","492":"product_tag-terc","493":"product_tag-tert","494":"product_tag-tet1","495":"product_tag-tet2","496":"product_tag-tfe3","497":"product_tag-tfrc","498":"product_tag-tgfbr1","499":"product_tag-tgfbr2-2","500":"product_tag-tmem127","501":"product_tag-tmprss2","502":"product_tag-tnfaip3","503":"product_tag-tnfrsf14","504":"product_tag-top1","505":"product_tag-top2a","506":"product_tag-tp53","507":"product_tag-tp63","508":"product_tag-traf2","509":"product_tag-traf7","510":"product_tag-tsc1","511":"product_tag-tsc2","512":"product_tag-tshr","513":"product_tag-u2af1","514":"product_tag-vegfa","515":"product_tag-vhl","516":"product_tag-vtcn1","517":"product_tag-wisp3","518":"product_tag-wt1","519":"product_tag-xiap","520":"product_tag-xpo1","521":"product_tag-xrcc2-2","522":"product_tag-yap1","523":"product_tag-yes1","524":"product_tag-zbtb2","525":"product_tag-zbtb7a","526":"product_tag-zfhx3","527":"product_tag-znf217","528":"product_tag-znf703","529":"product_tag-zrsr2","531":"first","532":"instock","533":"shipping-taxable","534":"product-type-simple"},"_links":{"self":[{"href":"https:\/\/argeneticsar.com.ar\/index.php?rest_route=\/wp\/v2\/product\/432","targetHints":{"allow":["GET"]}}],"collection":[{"href":"https:\/\/argeneticsar.com.ar\/index.php?rest_route=\/wp\/v2\/product"}],"about":[{"href":"https:\/\/argeneticsar.com.ar\/index.php?rest_route=\/wp\/v2\/types\/product"}],"replies":[{"embeddable":true,"href":"https:\/\/argeneticsar.com.ar\/index.php?rest_route=%2Fwp%2Fv2%2Fcomments&post=432"}],"version-history":[{"count":0,"href":"https:\/\/argeneticsar.com.ar\/index.php?rest_route=\/wp\/v2\/product\/432\/revisions"}],"wp:attachment":[{"href":"https:\/\/argeneticsar.com.ar\/index.php?rest_route=%2Fwp%2Fv2%2Fmedia&parent=432"}],"wp:term":[{"taxonomy":"product_brand","embeddable":true,"href":"https:\/\/argeneticsar.com.ar\/index.php?rest_route=%2Fwp%2Fv2%2Fproduct_brand&post=432"},{"taxonomy":"product_cat","embeddable":true,"href":"https:\/\/argeneticsar.com.ar\/index.php?rest_route=%2Fwp%2Fv2%2Fproduct_cat&post=432"},{"taxonomy":"product_tag","embeddable":true,"href":"https:\/\/argeneticsar.com.ar\/index.php?rest_route=%2Fwp%2Fv2%2Fproduct_tag&post=432"}],"curies":[{"name":"wp","href":"https:\/\/api.w.org\/{rel}","templated":true}]}}