{"id":431,"date":"2025-02-21T14:17:28","date_gmt":"2025-02-21T14:17:28","guid":{"rendered":"http:\/\/nueva.argeneticsar.com.ar\/?product=g-life-500-hrd-panel-multigenetico-somatico-500-genes-hrd"},"modified":"2025-02-21T14:17:28","modified_gmt":"2025-02-21T14:17:28","slug":"g-life-500-hrd-panel-multigenetico-somatico-500-genes-hrd","status":"publish","type":"product","link":"https:\/\/argeneticsar.com.ar\/?product=g-life-500-hrd-panel-multigenetico-somatico-500-genes-hrd","title":{"rendered":"G-LIFE 500 + HRD, Panel Multigen\u00e9tico Som\u00e1tico 500 Genes + HRD"},"content":{"rendered":"<p>Estudio molecular realizado en biopsias diagn\u00f3sticas o quir\u00fargicas de tumores como p\u00e1ncreas, pr\u00f3stata y ovario en estadios avanzados y metast\u00e1sicos, para detectar biomarcadores de terapia dirigida, con una especificidad anal\u00edtica del 99,9% y una sensibilidad >96%<\/p>\n<p>El perfil gen\u00f3mico preciso es esencial para identificar objetivos terap\u00e9uticos y tomar decisiones de tratamiento. Este test, el an\u00e1lisis som\u00e1tico m\u00e1s amplio del mercado, identifica biomarcadores y opciones terap\u00e9uticas asociadas, acorde a las guias de pr\u00e1ctica m\u00e9dica nacionales e internacionales. Su panel amplio permite analizar m\u00faltiples marcadores utilizando un menor volumen de muestra, optimizando tiempo y costos en comparaci\u00f3n con pruebas secuenciales.                                           Adem\u00e1s de los mas de 500 genes analizados, se evaluan el estado HRD a trav\u00e9s del GIS, score que se determina a partir del estudio de las firmas gen\u00f3micas LOH, LST y TAI<\/p>\n<p>Incluye TMB como biomarcador para inmunoterapia en tumores como pulm\u00f3n, colorrectal, melanoma y g\u00e1strico, entre otros. Tambi\u00e9n analiza MSI en tumores s\u00f3lidos de pacientes con indicaci\u00f3n de inmunoterapia, como c\u00e1ncer colorrectal, endometrio, p\u00e1ncreas, pr\u00f3stata y g\u00e1strico. Este estudio ofrece un perfil molecular amplio y completo en una sola corrida.<\/p>\n","protected":false},"excerpt":{"rendered":"<p>NGS &#8211; Panel Cancer Som\u00e1tico TSO 500 + HRD<\/p>\n","protected":false},"featured_media":0,"comment_status":"open","ping_status":"closed","template":"","meta":[],"product_brand":[],"product_cat":[18,19],"product_tag":[387,392,393,394,349,395,350,351,396,397,398,58,352,399,400,401,402,403,404,405,406,33,407,408,409,410,411,412,353,413,66,34,414,415,416,417,418,419,420,421,422,423,424,59,60,234,35,36,425,47,426,427,428,429,430,431,432,236,354,433,434,435,436,437,438,439,440,93,37,342,67,355,441,442,94,68,443,444,95,445,446,447,448,38,449,450,451,452,453,454,455,456,457,458,356,459,460,461,462,463,464,357,465,466,48,467,468,469,470,471,472,473,474,475,358,476,477,478,479,480,49,481,482,483,484,359,360,361,485,486,487,488,489,362,490,363,491,364,365,366,492,493,494,495,496,497,80,81,82,99,100,101,102,103,498,499,500,501,502,503,504,505,506,507,508,509,510,511,512,513,367,368,369,370,83,84,514,515,516,517,518,519,520,521,522,523,524,525,526,105,527,262,263,528,529,530,371,531,372,532,533,534,62,535,536,537,538,539,540,541,542,543,544,545,546,547,548,549,550,551,552,553,554,555,556,557,558,559,560,561,562,65,266,563,564,565,566,373,374,567,568,569,570,571,572,573,574,575,576,577,578,579,580,581,582,583,375,376,377,584,585,586,587,588,589,590,591,592,85,593,594,595,596,597,271,598,599,600,601,602,391,603,69,604,605,278,279,606,607,608,609,610,611,612,108,613,614,615,616,169,617,86,87,618,71,50,619,620,621,622,51,110,52,389,623,624,378,54,625,379,626,380,627,628,629,39,630,631,632,40,72,633,634,635,636,173,637,638,639,640,296,641,642,381,382,383,643,644,645,646,647,41,648,649,650,651,652,653,654,655,656,111,657,658,659,660,661,112,662,663,664,113,665,666,667,668,669,670,671,672,673,674,675,53,676,55,30,384,677,678,343,679,680,681,114,682,683,684,74,42,308,685,686,687,688,689,690,691,115,692,116,43,44,693,346,309,694,695,310,75,696,117,697,88,698,699,700,701,313,702,385,703,704,705,706,120,707,708,121,122,123,124,125,709,710,711,712,713,714,715,126,181,182,64,57,127,716,717,718,719,720,721,722,723,724,725,726,727,728,729,730,731,732,733,734,735,736,45,737,131,738,739,740,390,741,742,743,744,745,133,746,747,748,749,774,186,750,134,751,775,752,753,754,755,46,756,757,758,135,136,759,388,760,761,89,762,763,90,764,765,347,766,767,768,769,770,771,772,773],"class_list":{"0":"post-431","1":"product","2":"type-product","3":"status-publish","5":"product_cat-oncologia","6":"product_cat-oncologia-somatico","7":"product_tag-523-genes-para-adn-y-55-genes-para-arn","8":"product_tag-abl2","9":"product_tag-acvr1","10":"product_tag-acvr1b","11":"product_tag-akt1","12":"product_tag-akt2","13":"product_tag-akt3","14":"product_tag-alk","15":"product_tag-alox12b","16":"product_tag-ankrd11","17":"product_tag-ankrd26","18":"product_tag-apc","19":"product_tag-ar","20":"product_tag-araf","21":"product_tag-arfrp1","22":"product_tag-arid1a","23":"product_tag-arid1b","24":"product_tag-arid2","25":"product_tag-arid5b","26":"product_tag-asxl1","27":"product_tag-asxl2","28":"product_tag-atm","29":"product_tag-atr","30":"product_tag-atrx","31":"product_tag-aurka","32":"product_tag-aurkb","33":"product_tag-axin1","34":"product_tag-axin2","35":"product_tag-axl","36":"product_tag-b2m","37":"product_tag-bap1","38":"product_tag-bard1","39":"product_tag-bbc3","40":"product_tag-bcl10","41":"product_tag-bcl2","42":"product_tag-bcl2l1","43":"product_tag-bcl2l11","44":"product_tag-bcl2l2","45":"product_tag-bcl6","46":"product_tag-bcor","47":"product_tag-bcorl1","48":"product_tag-bcr","49":"product_tag-birc3","50":"product_tag-blm","51":"product_tag-bmpr1a","52":"product_tag-braf","53":"product_tag-brca1","54":"product_tag-brca2","55":"product_tag-brd4","56":"product_tag-brip1","57":"product_tag-btg1","58":"product_tag-btk","59":"product_tag-c11orf30","60":"product_tag-calr","61":"product_tag-card11","62":"product_tag-casp8","63":"product_tag-cbfb","64":"product_tag-cbl","65":"product_tag-ccnd1","66":"product_tag-ccnd2","67":"product_tag-ccnd3","68":"product_tag-ccne1","69":"product_tag-cd274","70":"product_tag-cd276","71":"product_tag-cd74","72":"product_tag-cd79a","73":"product_tag-cd79b","74":"product_tag-cdc73","75":"product_tag-cdh1","76":"product_tag-cdk12","77":"product_tag-cdk4","78":"product_tag-cdk6","79":"product_tag-cdk8","80":"product_tag-cdkn1a","81":"product_tag-cdkn1b","82":"product_tag-cdkn2a","83":"product_tag-cdkn2b","84":"product_tag-cdkn2c","85":"product_tag-cebpa","86":"product_tag-cenpa","87":"product_tag-chd2","88":"product_tag-chd4","89":"product_tag-chek1","90":"product_tag-chek2","91":"product_tag-cic","92":"product_tag-crebbp","93":"product_tag-crkl","94":"product_tag-crlf2","95":"product_tag-csf1r","96":"product_tag-csf3r","97":"product_tag-csnk1a1","98":"product_tag-ctcf","99":"product_tag-ctla4","100":"product_tag-ctnna1","101":"product_tag-ctnnb1","102":"product_tag-cul3","103":"product_tag-cux1","104":"product_tag-cxcr4","105":"product_tag-cyld","106":"product_tag-daxx","107":"product_tag-dcun1d1","108":"product_tag-ddr2","109":"product_tag-ddx41","110":"product_tag-dhx15","111":"product_tag-dicer1","112":"product_tag-dis3","113":"product_tag-dnajb1","114":"product_tag-dnmt1","115":"product_tag-dnmt3a","116":"product_tag-dnmt3b","117":"product_tag-dot1l","118":"product_tag-e2f3","119":"product_tag-eed","120":"product_tag-egfl7","121":"product_tag-egfr","122":"product_tag-eif1ax","123":"product_tag-eif4a2","124":"product_tag-eif4e","125":"product_tag-eml4","126":"product_tag-ep300","127":"product_tag-epcam","128":"product_tag-epha3","129":"product_tag-epha5","130":"product_tag-epha7","131":"product_tag-ephb1","132":"product_tag-erbb2","133":"product_tag-erbb3","134":"product_tag-erbb4","135":"product_tag-ercc1","136":"product_tag-ercc2","137":"product_tag-ercc3","138":"product_tag-ercc4","139":"product_tag-ercc5","140":"product_tag-erg","141":"product_tag-errfi1","142":"product_tag-esr1","143":"product_tag-ets1","144":"product_tag-etv1","145":"product_tag-etv4","146":"product_tag-etv5","147":"product_tag-etv6","148":"product_tag-ewsr1","149":"product_tag-ezh2","150":"product_tag-fam123b","151":"product_tag-fam175a","152":"product_tag-fam46c","153":"product_tag-fanca","154":"product_tag-fancc","155":"product_tag-fancd2","156":"product_tag-fance","157":"product_tag-fancf","158":"product_tag-fancg","159":"product_tag-fanci","160":"product_tag-fancl","161":"product_tag-fas","162":"product_tag-fat1","163":"product_tag-fbxw7","164":"product_tag-fgf1","165":"product_tag-fgf10","166":"product_tag-fgf14","167":"product_tag-fgf19","168":"product_tag-fgf2","169":"product_tag-fgf23","170":"product_tag-fgf3","171":"product_tag-fgf4","172":"product_tag-fgf5","173":"product_tag-fgf6","174":"product_tag-fgf7","175":"product_tag-fgf8","176":"product_tag-fgf9","177":"product_tag-fgfr1","178":"product_tag-fgfr2","179":"product_tag-fgfr3","180":"product_tag-fgfr4","181":"product_tag-fh","182":"product_tag-flcn","183":"product_tag-fli1","184":"product_tag-flt1","185":"product_tag-flt3","186":"product_tag-flt4","187":"product_tag-foxa1","188":"product_tag-foxl2","189":"product_tag-foxo1","190":"product_tag-foxp1","191":"product_tag-frs2","192":"product_tag-fubp1","193":"product_tag-fyn","194":"product_tag-gabra6","195":"product_tag-gata1","196":"product_tag-gata2","197":"product_tag-gata3","198":"product_tag-gata4","199":"product_tag-gata6","200":"product_tag-gen1","201":"product_tag-gid4","202":"product_tag-gli1","203":"product_tag-gna11","204":"product_tag-gna13","205":"product_tag-gnaq","206":"product_tag-gnas","207":"product_tag-gpr124","208":"product_tag-gps2","209":"product_tag-grem1","210":"product_tag-grin2a","211":"product_tag-grm3","212":"product_tag-gsk3b","213":"product_tag-h3f3a","214":"product_tag-h3f3b","215":"product_tag-h3f3c","216":"product_tag-hgf","217":"product_tag-hist1h1c","218":"product_tag-hist1h2bd","219":"product_tag-hist1h3a","220":"product_tag-hist1h3b","221":"product_tag-hist1h3c","222":"product_tag-hist1h3d","223":"product_tag-hist1h3e","224":"product_tag-hist1h3f","225":"product_tag-hist1h3g","226":"product_tag-hist1h3h","227":"product_tag-hist1h3i","228":"product_tag-hist1h3j","229":"product_tag-hist2h3a","230":"product_tag-hist2h3c","231":"product_tag-hist2h3d","232":"product_tag-hist3h3","233":"product_tag-hla-a","234":"product_tag-hla-b","235":"product_tag-hla-c","236":"product_tag-hnf1a","237":"product_tag-hnrnpk","238":"product_tag-hoxb13","239":"product_tag-hras","240":"product_tag-hsd3b1","241":"product_tag-hsp90aa1","242":"product_tag-icoslg","243":"product_tag-id3","244":"product_tag-idh1","245":"product_tag-idh2","246":"product_tag-ifngr1","247":"product_tag-igf1","248":"product_tag-igf1r","249":"product_tag-igf2","250":"product_tag-ikbke","251":"product_tag-ikzf1","252":"product_tag-il10","253":"product_tag-il7r","254":"product_tag-inha","255":"product_tag-inhba","256":"product_tag-inpp4a","257":"product_tag-inpp4b","258":"product_tag-insr","259":"product_tag-irf2","260":"product_tag-irf4","261":"product_tag-irs1","262":"product_tag-irs2","263":"product_tag-jak1","264":"product_tag-jak2","265":"product_tag-jak3","266":"product_tag-jun","267":"product_tag-kat6a","268":"product_tag-kdm5a","269":"product_tag-kdm5c","270":"product_tag-kdm6a","271":"product_tag-kdr","272":"product_tag-keap1","273":"product_tag-kel","274":"product_tag-kif5b","275":"product_tag-kit","276":"product_tag-klf4","277":"product_tag-klhl6","278":"product_tag-kmt2b","279":"product_tag-kmt2c","280":"product_tag-kmt2d","281":"product_tag-kras","282":"product_tag-lamp1","283":"product_tag-lats1","284":"product_tag-lats2","285":"product_tag-lmo1","286":"product_tag-lrp1b","287":"product_tag-lst-secuenciaccion-completa-de-523-genes-abl1","288":"product_tag-lyn","289":"product_tag-lztr1","290":"product_tag-magi2","291":"product_tag-malt1","292":"product_tag-map2k1","293":"product_tag-map2k2","294":"product_tag-map2k4","295":"product_tag-map3k1","296":"product_tag-map3k13","297":"product_tag-map3k14","298":"product_tag-map3k4","299":"product_tag-mapk1","300":"product_tag-mapk3","301":"product_tag-max","302":"product_tag-mcl1","303":"product_tag-mdc1","304":"product_tag-mdm2","305":"product_tag-mdm4","306":"product_tag-med12","307":"product_tag-mef2b","308":"product_tag-men1","309":"product_tag-met","310":"product_tag-mga","311":"product_tag-mitf","312":"product_tag-mlh1","313":"product_tag-mll","314":"product_tag-mllt3","315":"product_tag-mpl","316":"product_tag-mre11a","317":"product_tag-msh2","318":"product_tag-msh3","319":"product_tag-msh6","320":"product_tag-msi-instabilidad-microsatelital-estado-hrd-gis-score-3-firmas-genomicas-loh","321":"product_tag-mst1","322":"product_tag-mst1r","323":"product_tag-mtor","324":"product_tag-mutyh","325":"product_tag-myb","326":"product_tag-myc","327":"product_tag-mycl1","328":"product_tag-mycn","329":"product_tag-myd88","330":"product_tag-myod1","331":"product_tag-nab2","332":"product_tag-nbn","333":"product_tag-ncoa3","334":"product_tag-ncor1","335":"product_tag-negr1","336":"product_tag-nf1","337":"product_tag-nf2","338":"product_tag-nfe2l2","339":"product_tag-nfkbia","340":"product_tag-nkx2-1","341":"product_tag-nkx3-1","342":"product_tag-notch1","343":"product_tag-notch2","344":"product_tag-notch3","345":"product_tag-notch4","346":"product_tag-npm1","347":"product_tag-nras","348":"product_tag-nrg1","349":"product_tag-nsd1","350":"product_tag-ntrk1","351":"product_tag-ntrk2","352":"product_tag-ntrk3","353":"product_tag-nup93","354":"product_tag-nutm1","355":"product_tag-pak1","356":"product_tag-pak3","357":"product_tag-pak7","358":"product_tag-palb2","359":"product_tag-park2","360":"product_tag-parp1","361":"product_tag-pax3","362":"product_tag-pax5","363":"product_tag-pax7","364":"product_tag-pax8","365":"product_tag-pbrm1","366":"product_tag-pdcd1","367":"product_tag-pdcd1lg2","368":"product_tag-pdgfra","369":"product_tag-pdgfrb","370":"product_tag-pdk1","371":"product_tag-pdpk1","372":"product_tag-pgr","373":"product_tag-phf6","374":"product_tag-phox2b","375":"product_tag-pik3c2b","376":"product_tag-pik3c2g","377":"product_tag-pik3c3","378":"product_tag-pik3ca","379":"product_tag-pik3cb","380":"product_tag-pik3cd","381":"product_tag-pik3cg","382":"product_tag-pik3r1","383":"product_tag-pik3r2","384":"product_tag-pik3r3","385":"product_tag-pim1","386":"product_tag-plcg2","387":"product_tag-plk2","388":"product_tag-pmaip1","389":"product_tag-pms1","390":"product_tag-pms2","391":"product_tag-pnrc1","392":"product_tag-pold1","393":"product_tag-pole","394":"product_tag-pparg","395":"product_tag-ppm1d","396":"product_tag-ppp2r1a","397":"product_tag-ppp2r2a","398":"product_tag-ppp6c","399":"product_tag-prdm1","400":"product_tag-prex2","401":"product_tag-prkar1a","402":"product_tag-prkci","403":"product_tag-prkdc","404":"product_tag-prss8","405":"product_tag-ptch1","406":"product_tag-pten","407":"product_tag-ptpn11","408":"product_tag-ptprd","409":"product_tag-ptprs","410":"product_tag-ptprt","411":"product_tag-qki","412":"product_tag-rab35","413":"product_tag-rac1","414":"product_tag-rad21","415":"product_tag-rad50","416":"product_tag-rad51","417":"product_tag-rad51b","418":"product_tag-rad51c","419":"product_tag-rad51d","420":"product_tag-rad52","421":"product_tag-rad54l","422":"product_tag-raf1","423":"product_tag-ranbp2","424":"product_tag-rara","425":"product_tag-rasa1","426":"product_tag-rb1","427":"product_tag-rbm10","428":"product_tag-recql4","429":"product_tag-rel","430":"product_tag-ret","431":"product_tag-rfwd2","432":"product_tag-rheb","433":"product_tag-rhoa","434":"product_tag-rictor","435":"product_tag-rit1","436":"product_tag-rnf43","437":"product_tag-ros1","438":"product_tag-rps6ka4","439":"product_tag-rps6kb1","440":"product_tag-rps6kb2","441":"product_tag-rptor","442":"product_tag-runx1","443":"product_tag-runx1t1","444":"product_tag-rybp","445":"product_tag-sdha","446":"product_tag-sdhaf2","447":"product_tag-sdhb","448":"product_tag-sdhc","449":"product_tag-sdhd","450":"product_tag-setbp1","451":"product_tag-setd2","452":"product_tag-sf3b1","453":"product_tag-sh2b3","454":"product_tag-sh2d1a","455":"product_tag-shq1","456":"product_tag-slit2","457":"product_tag-slx4","458":"product_tag-smad2","459":"product_tag-smad3","460":"product_tag-smad4","461":"product_tag-smarca4","462":"product_tag-smarcb1","463":"product_tag-smarcd1","464":"product_tag-smc1a","465":"product_tag-smc3","466":"product_tag-smo-2","467":"product_tag-sncaip","468":"product_tag-socs1","469":"product_tag-sox10","470":"product_tag-sox17","471":"product_tag-sox2","472":"product_tag-sox9","473":"product_tag-spen","474":"product_tag-spop","475":"product_tag-spta1","476":"product_tag-src","477":"product_tag-srsf2","478":"product_tag-stag1","479":"product_tag-stag2","480":"product_tag-stat3","481":"product_tag-stat4","482":"product_tag-stat5a","483":"product_tag-stat5b","484":"product_tag-stk11","485":"product_tag-stk40","486":"product_tag-sufu","487":"product_tag-suz12","488":"product_tag-syk","489":"product_tag-taf1","490":"product_tag-tai","491":"product_tag-tbx3","492":"product_tag-tceb1","493":"product_tag-tcf3","494":"product_tag-tcf7l2","495":"product_tag-terc","496":"product_tag-tert","497":"product_tag-tet1","498":"product_tag-tet2","499":"product_tag-tfe3","500":"product_tag-tfrc","501":"product_tag-tfrc-listado-de-genes-analizados-para-la-deteccion-de-fusiones-55-genes-abl1","502":"product_tag-tgfbr1","503":"product_tag-tgfbr2-2","504":"product_tag-tmem127","505":"product_tag-tmprss2","506":"product_tag-tmprss2-2","507":"product_tag-tnfaip3","508":"product_tag-tnfrsf14","509":"product_tag-top1","510":"product_tag-top2a","511":"product_tag-tp53","512":"product_tag-tp63","513":"product_tag-traf2","514":"product_tag-traf7","515":"product_tag-tsc1","516":"product_tag-tsc2","517":"product_tag-tshr","518":"product_tag-tumor-mutation-burden-tmb","519":"product_tag-u2af1","520":"product_tag-vegfa","521":"product_tag-vhl","522":"product_tag-vtcn1","523":"product_tag-wisp3","524":"product_tag-wt1","525":"product_tag-xiap","526":"product_tag-xpo1","527":"product_tag-xrcc2-2","528":"product_tag-yap1","529":"product_tag-yes1","530":"product_tag-zbtb2","531":"product_tag-zbtb7a","532":"product_tag-zfhx3","533":"product_tag-znf217","534":"product_tag-znf703","535":"product_tag-zrsr2-listado-de-genes-analizados-para-la-deteccion-de-variantes-en-el-numero-de-copias-cnv-59-genes-akt2","537":"first","538":"instock","539":"shipping-taxable","540":"product-type-simple"},"_links":{"self":[{"href":"https:\/\/argeneticsar.com.ar\/index.php?rest_route=\/wp\/v2\/product\/431","targetHints":{"allow":["GET"]}}],"collection":[{"href":"https:\/\/argeneticsar.com.ar\/index.php?rest_route=\/wp\/v2\/product"}],"about":[{"href":"https:\/\/argeneticsar.com.ar\/index.php?rest_route=\/wp\/v2\/types\/product"}],"replies":[{"embeddable":true,"href":"https:\/\/argeneticsar.com.ar\/index.php?rest_route=%2Fwp%2Fv2%2Fcomments&post=431"}],"version-history":[{"count":0,"href":"https:\/\/argeneticsar.com.ar\/index.php?rest_route=\/wp\/v2\/product\/431\/revisions"}],"wp:attachment":[{"href":"https:\/\/argeneticsar.com.ar\/index.php?rest_route=%2Fwp%2Fv2%2Fmedia&parent=431"}],"wp:term":[{"taxonomy":"product_brand","embeddable":true,"href":"https:\/\/argeneticsar.com.ar\/index.php?rest_route=%2Fwp%2Fv2%2Fproduct_brand&post=431"},{"taxonomy":"product_cat","embeddable":true,"href":"https:\/\/argeneticsar.com.ar\/index.php?rest_route=%2Fwp%2Fv2%2Fproduct_cat&post=431"},{"taxonomy":"product_tag","embeddable":true,"href":"https:\/\/argeneticsar.com.ar\/index.php?rest_route=%2Fwp%2Fv2%2Fproduct_tag&post=431"}],"curies":[{"name":"wp","href":"https:\/\/api.w.org\/{rel}","templated":true}]}}