{"id":430,"date":"2025-02-21T14:17:27","date_gmt":"2025-02-21T14:17:27","guid":{"rendered":"http:\/\/nueva.argeneticsar.com.ar\/?product=g-life-500-panel-multigenetico-somatico-500-genes"},"modified":"2025-02-21T14:17:27","modified_gmt":"2025-02-21T14:17:27","slug":"g-life-500-panel-multigenetico-somatico-500-genes","status":"publish","type":"product","link":"https:\/\/argeneticsar.com.ar\/?product=g-life-500-panel-multigenetico-somatico-500-genes","title":{"rendered":"G-LIFE 500, Panel Multigen\u00e9tico Som\u00e1tico 500 Genes"},"content":{"rendered":"<p>Estudio molecular realizado en biopsias diagn\u00f3sticas o quir\u00fargicas de tumores s\u00f3lidos avanzados y metast\u00e1sicos para detectar biomarcadores de terapia dirigida, con una especificidad anal\u00edtica del 99,9% y una sensibilidad >96%.             <\/p>\n<p>El perfil gen\u00f3mico preciso es clave para identificar objetivos terap\u00e9uticos y tomar decisiones de tratamiento. Este test, el an\u00e1lisis som\u00e1tico m\u00e1s amplio del mercado, identifica biomarcadores y opciones terap\u00e9uticas asociadas, acorde a las gu\u00edas de pr\u00e1ctica m\u00e9dica nacionales e internacionales. Este panel amplio permite analizar m\u00faltiples marcadores con menos volumen de muestra, optimizando tiempo y costos frente a pruebas secuenciales.<\/p>\n<p>Incluye TMB como biomarcador para inmunoterapia en tumores como pulm\u00f3n, colorrectal, melanoma y g\u00e1strico, entre otros. Tambi\u00e9n analiza MSI en tumores s\u00f3lidos de pacientes con indicaci\u00f3n de inmunoterapia, como c\u00e1ncer colorrectal, endometrio, p\u00e1ncreas, pr\u00f3stata y g\u00e1strico. Este test ofrece un perfil molecular amplio y completo en un solo estudio<\/p>\n","protected":false},"excerpt":{"rendered":"<p>NGS &#8211; Panel Cancer Som\u00e1tico TSO 500<\/p>\n","protected":false},"featured_media":0,"comment_status":"open","ping_status":"closed","template":"","meta":[],"product_brand":[],"product_cat":[18,19],"product_tag":[],"class_list":{"0":"post-430","1":"product","2":"type-product","3":"status-publish","5":"product_cat-oncologia","6":"product_cat-oncologia-somatico","8":"first","9":"instock","10":"shipping-taxable","11":"product-type-simple"},"_links":{"self":[{"href":"https:\/\/argeneticsar.com.ar\/index.php?rest_route=\/wp\/v2\/product\/430","targetHints":{"allow":["GET"]}}],"collection":[{"href":"https:\/\/argeneticsar.com.ar\/index.php?rest_route=\/wp\/v2\/product"}],"about":[{"href":"https:\/\/argeneticsar.com.ar\/index.php?rest_route=\/wp\/v2\/types\/product"}],"replies":[{"embeddable":true,"href":"https:\/\/argeneticsar.com.ar\/index.php?rest_route=%2Fwp%2Fv2%2Fcomments&post=430"}],"version-history":[{"count":0,"href":"https:\/\/argeneticsar.com.ar\/index.php?rest_route=\/wp\/v2\/product\/430\/revisions"}],"wp:attachment":[{"href":"https:\/\/argeneticsar.com.ar\/index.php?rest_route=%2Fwp%2Fv2%2Fmedia&parent=430"}],"wp:term":[{"taxonomy":"product_brand","embeddable":true,"href":"https:\/\/argeneticsar.com.ar\/index.php?rest_route=%2Fwp%2Fv2%2Fproduct_brand&post=430"},{"taxonomy":"product_cat","embeddable":true,"href":"https:\/\/argeneticsar.com.ar\/index.php?rest_route=%2Fwp%2Fv2%2Fproduct_cat&post=430"},{"taxonomy":"product_tag","embeddable":true,"href":"https:\/\/argeneticsar.com.ar\/index.php?rest_route=%2Fwp%2Fv2%2Fproduct_tag&post=430"}],"curies":[{"name":"wp","href":"https:\/\/api.w.org\/{rel}","templated":true}]}}