{"id":429,"date":"2025-02-21T14:17:21","date_gmt":"2025-02-21T14:17:21","guid":{"rendered":"http:\/\/nueva.argeneticsar.com.ar\/?product=g-life-52-panel-multigenetico-somatico-52-genes"},"modified":"2025-02-21T14:17:21","modified_gmt":"2025-02-21T14:17:21","slug":"g-life-52-panel-multigenetico-somatico-52-genes","status":"publish","type":"product","link":"https:\/\/argeneticsar.com.ar\/?product=g-life-52-panel-multigenetico-somatico-52-genes","title":{"rendered":"G-LIFE 52, Panel Multigen\u00e9tico Som\u00e1tico 52 Genes"},"content":{"rendered":"<p>Estudio molecular realizado en biopsias diagn\u00f3sticas o quir\u00fargicas de tumores s\u00f3lidos avanzados y metast\u00e1sicos, con el objetivo de detectar biomarcadores para terapia dirigida. Informa sobre alteraciones gen\u00f3micas en los genes incluidos en el panel y los tratamientos asociados, siguiendo gu\u00edas m\u00e9dicas internacionales. <\/p>\n","protected":false},"excerpt":{"rendered":"<p>NGS &#8211; Panel Cancer Som\u00e1tico Oncomine Focus Assay (OFA) <\/p>\n","protected":false},"featured_media":0,"comment_status":"open","ping_status":"closed","template":"","meta":[],"product_brand":[],"product_cat":[18,19],"product_tag":[348,349,350,351,352,353,234,354,67,355,356,357,358,359,360,361,362,363,364,365,366,367,368,369,370,371,372,266,373,374,375,376,377,85,271,278,279,87,378,379,380,296,381,382,383,111,113,384,309,88,385,386],"class_list":{"0":"post-429","1":"product","2":"type-product","3":"status-publish","5":"product_cat-oncologia","6":"product_cat-oncologia-somatico","7":"product_tag-abl1","8":"product_tag-akt1","9":"product_tag-akt3","10":"product_tag-alk","11":"product_tag-ar","12":"product_tag-axl","13":"product_tag-braf","14":"product_tag-ccnd1","15":"product_tag-cdk4","16":"product_tag-cdk6","17":"product_tag-ctnnb1","18":"product_tag-ddr2","19":"product_tag-egfr","20":"product_tag-erbb2","21":"product_tag-erbb3","22":"product_tag-erbb4","23":"product_tag-erg","24":"product_tag-esr1","25":"product_tag-etv1","26":"product_tag-etv4","27":"product_tag-etv5","28":"product_tag-fgfr1","29":"product_tag-fgfr2","30":"product_tag-fgfr3","31":"product_tag-fgfr4","32":"product_tag-gna11","33":"product_tag-gnaq","34":"product_tag-hras","35":"product_tag-idh1","36":"product_tag-idh2","37":"product_tag-jak1","38":"product_tag-jak2","39":"product_tag-jak3","40":"product_tag-kit","41":"product_tag-kras","42":"product_tag-map2k1","43":"product_tag-map2k2","44":"product_tag-met","45":"product_tag-mtor","46":"product_tag-myc","47":"product_tag-mycn","48":"product_tag-nras","49":"product_tag-ntrk1","50":"product_tag-ntrk2","51":"product_tag-ntrk3","52":"product_tag-pdgfra","53":"product_tag-pik3ca","54":"product_tag-pparg","55":"product_tag-raf1","56":"product_tag-ret","57":"product_tag-ros1","58":"product_tag-smo","60":"first","61":"instock","62":"shipping-taxable","63":"product-type-simple"},"_links":{"self":[{"href":"https:\/\/argeneticsar.com.ar\/index.php?rest_route=\/wp\/v2\/product\/429","targetHints":{"allow":["GET"]}}],"collection":[{"href":"https:\/\/argeneticsar.com.ar\/index.php?rest_route=\/wp\/v2\/product"}],"about":[{"href":"https:\/\/argeneticsar.com.ar\/index.php?rest_route=\/wp\/v2\/types\/product"}],"replies":[{"embeddable":true,"href":"https:\/\/argeneticsar.com.ar\/index.php?rest_route=%2Fwp%2Fv2%2Fcomments&post=429"}],"version-history":[{"count":0,"href":"https:\/\/argeneticsar.com.ar\/index.php?rest_route=\/wp\/v2\/product\/429\/revisions"}],"wp:attachment":[{"href":"https:\/\/argeneticsar.com.ar\/index.php?rest_route=%2Fwp%2Fv2%2Fmedia&parent=429"}],"wp:term":[{"taxonomy":"product_brand","embeddable":true,"href":"https:\/\/argeneticsar.com.ar\/index.php?rest_route=%2Fwp%2Fv2%2Fproduct_brand&post=429"},{"taxonomy":"product_cat","embeddable":true,"href":"https:\/\/argeneticsar.com.ar\/index.php?rest_route=%2Fwp%2Fv2%2Fproduct_cat&post=429"},{"taxonomy":"product_tag","embeddable":true,"href":"https:\/\/argeneticsar.com.ar\/index.php?rest_route=%2Fwp%2Fv2%2Fproduct_tag&post=429"}],"curies":[{"name":"wp","href":"https:\/\/api.w.org\/{rel}","templated":true}]}}