{"id":428,"date":"2025-02-21T14:17:15","date_gmt":"2025-02-21T14:17:15","guid":{"rendered":"http:\/\/nueva.argeneticsar.com.ar\/?product=g-life-27-panel-multigenetico-somatico-hrr"},"modified":"2025-02-21T14:17:15","modified_gmt":"2025-02-21T14:17:15","slug":"g-life-27-panel-multigenetico-somatico-hrr","status":"publish","type":"product","link":"https:\/\/argeneticsar.com.ar\/?product=g-life-27-panel-multigenetico-somatico-hrr","title":{"rendered":"G-LIFE 27, Panel Multigen\u00e9tico Som\u00e1tico HRR"},"content":{"rendered":"<p>Este panel se enfoca en 27 genes relacionados con la reparaci\u00f3n del ADN mediante recombinaci\u00f3n hom\u00f3loga (HRR).<br \/>\nSe reliza sobre la biopsia del tumor y es particularmente \u00fatil en c\u00e1nceres como el de ovario, pr\u00f3stata, p\u00e1ncreas y carcinoma peritoneal para la indicaci\u00f3n de terapia dirigida<\/p>\n","protected":false},"excerpt":{"rendered":"<p>NGS &#8211; Panel HRR<\/p>\n","protected":false},"featured_media":0,"comment_status":"open","ping_status":"closed","template":"","meta":[],"product_brand":[],"product_cat":[18,19],"product_tag":[33,34,35,36,47,342,38,82,103,271,109,39,41,113,55,30,343,42,344,345,115,116,43,44,346,46,347],"class_list":{"0":"post-428","1":"product","2":"type-product","3":"status-publish","5":"product_cat-oncologia","6":"product_cat-oncologia-somatico","7":"product_tag-atm","8":"product_tag-bard1","9":"product_tag-brca1","10":"product_tag-brca2","11":"product_tag-brip1","12":"product_tag-cdk12","13":"product_tag-chek2","14":"product_tag-fancd2","15":"product_tag-fancl","16":"product_tag-kras","17":"product_tag-mre11","18":"product_tag-nbn","19":"product_tag-palb2","20":"product_tag-pik3ca","21":"product_tag-pold1","22":"product_tag-pole","23":"product_tag-ppp2r2a","24":"product_tag-pten","25":"product_tag-rad-51","26":"product_tag-rad-52","27":"product_tag-rad50","28":"product_tag-rad51b","29":"product_tag-rad51c","30":"product_tag-rad51d","31":"product_tag-rad54l","32":"product_tag-tp53","33":"product_tag-xrcc2-2","35":"first","36":"instock","37":"shipping-taxable","38":"product-type-simple"},"_links":{"self":[{"href":"https:\/\/argeneticsar.com.ar\/index.php?rest_route=\/wp\/v2\/product\/428","targetHints":{"allow":["GET"]}}],"collection":[{"href":"https:\/\/argeneticsar.com.ar\/index.php?rest_route=\/wp\/v2\/product"}],"about":[{"href":"https:\/\/argeneticsar.com.ar\/index.php?rest_route=\/wp\/v2\/types\/product"}],"replies":[{"embeddable":true,"href":"https:\/\/argeneticsar.com.ar\/index.php?rest_route=%2Fwp%2Fv2%2Fcomments&post=428"}],"version-history":[{"count":0,"href":"https:\/\/argeneticsar.com.ar\/index.php?rest_route=\/wp\/v2\/product\/428\/revisions"}],"wp:attachment":[{"href":"https:\/\/argeneticsar.com.ar\/index.php?rest_route=%2Fwp%2Fv2%2Fmedia&parent=428"}],"wp:term":[{"taxonomy":"product_brand","embeddable":true,"href":"https:\/\/argeneticsar.com.ar\/index.php?rest_route=%2Fwp%2Fv2%2Fproduct_brand&post=428"},{"taxonomy":"product_cat","embeddable":true,"href":"https:\/\/argeneticsar.com.ar\/index.php?rest_route=%2Fwp%2Fv2%2Fproduct_cat&post=428"},{"taxonomy":"product_tag","embeddable":true,"href":"https:\/\/argeneticsar.com.ar\/index.php?rest_route=%2Fwp%2Fv2%2Fproduct_tag&post=428"}],"curies":[{"name":"wp","href":"https:\/\/api.w.org\/{rel}","templated":true}]}}